{"id":1876,"date":"2023-04-23T20:22:14","date_gmt":"2023-04-23T18:22:14","guid":{"rendered":"https:\/\/dvk.mak.ues.rs.ba\/?page_id=1876"},"modified":"2025-08-25T14:33:44","modified_gmt":"2025-08-25T12:33:44","slug":"prijavni-obrazac-situms-7-2025-3","status":"publish","type":"page","link":"https:\/\/dvk.mak.ues.rs.ba\/index.php\/la\/prijavni-obrazac-situms-7-2025-3\/","title":{"rendered":"Prijavni obrazac, SITUMS 7, 2025"},"content":{"rendered":"\n<div class=\"wp-block-contact-form-7-contact-form-selector\">\n<div class=\"wpcf7 no-js\" id=\"wpcf7-f1875-o1\" lang=\"sr-RS\" dir=\"ltr\" data-wpcf7-id=\"1875\">\n<div class=\"screen-reader-response\"><p role=\"status\" aria-live=\"polite\" aria-atomic=\"true\"><\/p> <ul><\/ul><\/div>\n<form action=\"\/index.php\/wp-json\/wp\/v2\/pages\/1876#wpcf7-f1875-o1\" method=\"post\" class=\"wpcf7-form init\" aria-label=\"Contact form\" novalidate=\"novalidate\" data-status=\"init\">\n<fieldset class=\"hidden-fields-container\"><input type=\"hidden\" name=\"_wpcf7\" value=\"1875\" \/><input type=\"hidden\" name=\"_wpcf7_version\" value=\"6.1.3\" \/><input type=\"hidden\" name=\"_wpcf7_locale\" value=\"sr_RS\" \/><input type=\"hidden\" name=\"_wpcf7_unit_tag\" value=\"wpcf7-f1875-o1\" \/><input type=\"hidden\" name=\"_wpcf7_container_post\" value=\"0\" \/><input type=\"hidden\" name=\"_wpcf7_posted_data_hash\" value=\"\" \/>\n<\/fieldset>\n<p><label> VII Nau\u010dni skup \"Savremeno i tradicionalno u muzi\u010dkom stvarala\u0161tvu\", 2025 <\/label>\n<\/p>\n<p><label> Ime i prezime autora<br \/>\n<span class=\"wpcf7-form-control-wrap\" data-name=\"your-name\"><input size=\"40\" maxlength=\"400\" class=\"wpcf7-form-control wpcf7-text wpcf7-validates-as-required\" aria-required=\"true\" aria-invalid=\"false\" value=\"\" type=\"text\" name=\"your-name\" \/><\/span> <\/label>\n<\/p>\n<p><label><br \/>\n<\/label><label> Nau\u010dno zvanje<br \/>\n<span class=\"wpcf7-form-control-wrap\" data-name=\"your-title\"><input size=\"40\" maxlength=\"400\" class=\"wpcf7-form-control wpcf7-text wpcf7-validates-as-required\" aria-required=\"true\" aria-invalid=\"false\" value=\"\" type=\"text\" name=\"your-title\" \/><\/span> <\/label>\n<\/p>\n<p><label><br \/>\n<\/label><label> E-mail adresa<br \/>\n<span class=\"wpcf7-form-control-wrap\" data-name=\"your-email\"><input size=\"40\" maxlength=\"400\" class=\"wpcf7-form-control wpcf7-email wpcf7-validates-as-required wpcf7-text wpcf7-validates-as-email\" aria-required=\"true\" aria-invalid=\"false\" value=\"\" type=\"email\" name=\"your-email\" \/><\/span> <\/label>\n<\/p>\n<p><label><br \/>\n<\/label><label> Telefon<br \/>\n<span class=\"wpcf7-form-control-wrap\" data-name=\"tel-261t\"><input size=\"40\" maxlength=\"400\" class=\"wpcf7-form-control wpcf7-text wpcf7-validates-as-required\" aria-required=\"true\" aria-invalid=\"false\" value=\"\" type=\"text\" name=\"tel-261t\" \/><\/span> <\/label>\n<\/p>\n<p><label><br \/>\n<\/label><label> Institucija zaposlenja, grad, dr\u017eava<br \/>\n<span class=\"wpcf7-form-control-wrap\" data-name=\"your-institution\"><input size=\"40\" maxlength=\"400\" class=\"wpcf7-form-control wpcf7-text wpcf7-validates-as-required\" aria-required=\"true\" aria-invalid=\"false\" value=\"\" type=\"text\" name=\"your-institution\" \/><\/span> <\/label>\n<\/p>\n<p><label><br \/>\n<\/label><label> Adresa institucije zaposlenja<br \/>\n<span class=\"wpcf7-form-control-wrap\" data-name=\"your-address\"><input size=\"40\" maxlength=\"400\" class=\"wpcf7-form-control wpcf7-text wpcf7-validates-as-required\" aria-required=\"true\" aria-invalid=\"false\" value=\"\" type=\"text\" name=\"your-address\" \/><\/span> <\/label>\n<\/p>\n<p><label><br \/>\n<\/label><label> U\u010de\u0161\u0107e - aktivno ili pasivno (napisati)<br \/>\n<span class=\"wpcf7-form-control-wrap\" data-name=\"your-participation\"><input size=\"40\" maxlength=\"400\" class=\"wpcf7-form-control wpcf7-text wpcf7-validates-as-required\" aria-required=\"true\" aria-invalid=\"false\" value=\"\" type=\"text\" name=\"your-participation\" \/><\/span> <\/label>\n<\/p>\n<p><label><br \/>\n<\/label><label> Jezik izlaganja rada* (napisati)<br \/>\n<span class=\"wpcf7-form-control-wrap\" data-name=\"your-language\"><input size=\"40\" maxlength=\"400\" class=\"wpcf7-form-control wpcf7-text wpcf7-validates-as-required\" aria-required=\"true\" aria-invalid=\"false\" value=\"\" type=\"text\" name=\"your-language\" \/><\/span> <\/label>\n<\/p>\n<p><label><br \/>\n<\/label><label> Naslov rada*<br \/>\n<span class=\"wpcf7-form-control-wrap\" data-name=\"your-paper\"><input size=\"40\" maxlength=\"400\" class=\"wpcf7-form-control wpcf7-text wpcf7-validates-as-required\" aria-required=\"true\" aria-invalid=\"false\" value=\"\" type=\"text\" name=\"your-paper\" \/><\/span> <\/label>\n<\/p>\n<p><label><br \/>\n<\/label><label> Sa\u017eetak rada* (oko 100 rije\u010di)<br \/>\n<span class=\"wpcf7-form-control-wrap\" data-name=\"your-abstract\"><textarea cols=\"40\" rows=\"10\" maxlength=\"2000\" class=\"wpcf7-form-control wpcf7-textarea wpcf7-validates-as-required\" aria-required=\"true\" aria-invalid=\"false\" name=\"your-abstract\"><\/textarea><\/span> <\/label>\n<\/p>\n<p><label><br \/>\n<\/label><label> Klju\u010dne rije\u010di* (tri do pet rije\u010di)<br \/>\n<span class=\"wpcf7-form-control-wrap\" data-name=\"your-keywords\"><input size=\"40\" maxlength=\"400\" class=\"wpcf7-form-control wpcf7-text wpcf7-validates-as-required\" aria-required=\"true\" aria-invalid=\"false\" value=\"\" type=\"text\" name=\"your-keywords\" \/><\/span> <\/label>\n<\/p>\n<p><label><br \/>\n<\/label><label> Biografija autora* (do 150 rije\u010di)<br \/>\n<span class=\"wpcf7-form-control-wrap\" data-name=\"your-biography\"><textarea cols=\"40\" rows=\"10\" maxlength=\"2000\" class=\"wpcf7-form-control wpcf7-textarea wpcf7-validates-as-required\" aria-required=\"true\" aria-invalid=\"false\" name=\"your-biography\"><\/textarea><\/span> <\/label>\n<\/p>\n<p><label><br \/>\n<\/label><label> Naslov rada na engleskom jeziku*<br \/>\n<span class=\"wpcf7-form-control-wrap\" data-name=\"your-paper-en\"><input size=\"40\" maxlength=\"400\" class=\"wpcf7-form-control wpcf7-text wpcf7-validates-as-required\" aria-required=\"true\" aria-invalid=\"false\" value=\"\" type=\"text\" name=\"your-paper-en\" \/><\/span> <\/label>\n<\/p>\n<p><label><br \/>\n<\/label><label> Sa\u017eetak rada na engleskom jeziku*<br \/>\n<span class=\"wpcf7-form-control-wrap\" data-name=\"your-abstract-en\"><textarea cols=\"40\" rows=\"10\" maxlength=\"2000\" class=\"wpcf7-form-control wpcf7-textarea wpcf7-validates-as-required\" aria-required=\"true\" aria-invalid=\"false\" name=\"your-abstract-en\"><\/textarea><\/span> <\/label>\n<\/p>\n<p><label><br \/>\n<\/label><label> Klju\u010dne rije\u010di na engleskom jeziku*<br \/>\n<span class=\"wpcf7-form-control-wrap\" data-name=\"your-keywords-en\"><input size=\"40\" maxlength=\"400\" class=\"wpcf7-form-control wpcf7-text wpcf7-validates-as-required\" aria-required=\"true\" aria-invalid=\"false\" value=\"\" type=\"text\" name=\"your-keywords-en\" \/><\/span> <\/label>\n<\/p>\n<p><label><br \/>\n* OBAVEZNO POPUNITI, pasivni u\u010desnici upisuju - NE.<br \/>\n- Nakon klika na dugme \"Po\u0161alji \/ Submit\" sa\u010dekajte oko 1 minut da se izvr\u0161i slanje prijave.<br \/>\n- U slu\u010daju da ne dobijete poruku o uspje\u0161no izvr\u0161enoj prijavi u Inbox, pogledajte Va\u0161e foldere Spam ili Junk.<br \/>\n<\/label><label><br \/>\n<input class=\"wpcf7-form-control wpcf7-submit has-spinner\" type=\"submit\" value=\"Submit\" \/><\/label>\n<\/p><div class=\"wpcf7-response-output\" aria-hidden=\"true\"><\/div>\n<\/form>\n<\/div>\n<\/div>\n","protected":false},"excerpt":{"rendered":"","protected":false},"author":2,"featured_media":0,"parent":0,"menu_order":0,"comment_status":"closed","ping_status":"closed","template":"","meta":{"_monsterinsights_skip_tracking":false,"_monsterinsights_sitenote_active":false,"_monsterinsights_sitenote_note":"","_monsterinsights_sitenote_category":0,"neve_meta_sidebar":"","neve_meta_container":"","neve_meta_enable_content_width":"on","neve_meta_content_width":70,"neve_meta_title_alignment":"","neve_meta_author_avatar":"","neve_post_elements_order":"","neve_meta_disable_header":"","neve_meta_disable_footer":"","neve_meta_disable_title":"","footnotes":""},"class_list":["post-1876","page","type-page","status-publish","hentry"],"yoast_head":"<!-- This site is optimized with the Yoast SEO plugin v26.3 - https:\/\/yoast.com\/wordpress\/plugins\/seo\/ -->\n<title>Prijavni obrazac, SITUMS 7, 2025 - \u0414\u0430\u043d\u0438 \u0412\u043e\u0458\u0438\u043d\u0430 \u041a\u043e\u043c\u0430\u0434\u0438\u043d\u0435 (\u0414\u0412\u041a) \/ \u041d\u0430\u0443\u0447\u043d\u0438 \u0441\u043a\u0443\u043f \u0421\u0430\u0432\u0440\u0435\u043c\u0435\u043d\u043e \u0438 \u0442\u0440\u0430\u0434\u0438\u0446\u0438\u043e\u043d\u0430\u043b\u043d\u043e \u0443 \u043c\u0443\u0437\u0438\u0447\u043a\u043e\u043c \u0441\u0442\u0432\u0430\u0440\u0430\u043b\u0430\u0448\u0442\u0432\u0443 (\u0421\u0418\u0422\u0423\u041c\u0421)<\/title>\n<meta name=\"robots\" content=\"index, follow, max-snippet:-1, max-image-preview:large, max-video-preview:-1\" \/>\n<link rel=\"canonical\" href=\"https:\/\/dvk.mak.ues.rs.ba\/index.php\/la\/prijavni-obrazac-situms-7-2025-3\/\" \/>\n<meta property=\"og:locale\" content=\"sr_RS\" \/>\n<meta property=\"og:type\" content=\"article\" \/>\n<meta property=\"og:title\" content=\"Prijavni obrazac, SITUMS 7, 2025 - \u0414\u0430\u043d\u0438 \u0412\u043e\u0458\u0438\u043d\u0430 \u041a\u043e\u043c\u0430\u0434\u0438\u043d\u0435 (\u0414\u0412\u041a) \/ \u041d\u0430\u0443\u0447\u043d\u0438 \u0441\u043a\u0443\u043f \u0421\u0430\u0432\u0440\u0435\u043c\u0435\u043d\u043e \u0438 \u0442\u0440\u0430\u0434\u0438\u0446\u0438\u043e\u043d\u0430\u043b\u043d\u043e \u0443 \u043c\u0443\u0437\u0438\u0447\u043a\u043e\u043c \u0441\u0442\u0432\u0430\u0440\u0430\u043b\u0430\u0448\u0442\u0432\u0443 (\u0421\u0418\u0422\u0423\u041c\u0421)\" \/>\n<meta property=\"og:url\" content=\"https:\/\/dvk.mak.ues.rs.ba\/index.php\/la\/prijavni-obrazac-situms-7-2025-3\/\" \/>\n<meta property=\"og:site_name\" content=\"\u0414\u0430\u043d\u0438 \u0412\u043e\u0458\u0438\u043d\u0430 \u041a\u043e\u043c\u0430\u0434\u0438\u043d\u0435 (\u0414\u0412\u041a) \/ \u041d\u0430\u0443\u0447\u043d\u0438 \u0441\u043a\u0443\u043f \u0421\u0430\u0432\u0440\u0435\u043c\u0435\u043d\u043e \u0438 \u0442\u0440\u0430\u0434\u0438\u0446\u0438\u043e\u043d\u0430\u043b\u043d\u043e \u0443 \u043c\u0443\u0437\u0438\u0447\u043a\u043e\u043c \u0441\u0442\u0432\u0430\u0440\u0430\u043b\u0430\u0448\u0442\u0432\u0443 (\u0421\u0418\u0422\u0423\u041c\u0421)\" \/>\n<meta property=\"article:modified_time\" content=\"2025-08-25T12:33:44+00:00\" \/>\n<meta name=\"twitter:card\" content=\"summary_large_image\" \/>\n<meta name=\"twitter:label1\" content=\"\u041f\u0440\u043e\u0446\u0435\u045a\u0435\u043d\u043e \u0432\u0440\u0435\u043c\u0435 \u0447\u0438\u0442\u0430\u045a\u0430\" \/>\n\t<meta name=\"twitter:data1\" content=\"1 \u043c\u0438\u043d\u0443\u0442\" \/>\n<script type=\"application\/ld+json\" class=\"yoast-schema-graph\">{\"@context\":\"https:\/\/schema.org\",\"@graph\":[{\"@type\":\"WebPage\",\"@id\":\"https:\/\/dvk.mak.ues.rs.ba\/index.php\/la\/prijavni-obrazac-situms-7-2025-3\/\",\"url\":\"https:\/\/dvk.mak.ues.rs.ba\/index.php\/la\/prijavni-obrazac-situms-7-2025-3\/\",\"name\":\"Prijavni obrazac, SITUMS 7, 2025 - \u0414\u0430\u043d\u0438 \u0412\u043e\u0458\u0438\u043d\u0430 \u041a\u043e\u043c\u0430\u0434\u0438\u043d\u0435 (\u0414\u0412\u041a) \/ \u041d\u0430\u0443\u0447\u043d\u0438 \u0441\u043a\u0443\u043f \u0421\u0430\u0432\u0440\u0435\u043c\u0435\u043d\u043e \u0438 \u0442\u0440\u0430\u0434\u0438\u0446\u0438\u043e\u043d\u0430\u043b\u043d\u043e \u0443 \u043c\u0443\u0437\u0438\u0447\u043a\u043e\u043c \u0441\u0442\u0432\u0430\u0440\u0430\u043b\u0430\u0448\u0442\u0432\u0443 (\u0421\u0418\u0422\u0423\u041c\u0421)\",\"isPartOf\":{\"@id\":\"https:\/\/dvk.mak.ues.rs.ba\/#website\"},\"datePublished\":\"2023-04-23T18:22:14+00:00\",\"dateModified\":\"2025-08-25T12:33:44+00:00\",\"breadcrumb\":{\"@id\":\"https:\/\/dvk.mak.ues.rs.ba\/index.php\/la\/prijavni-obrazac-situms-7-2025-3\/#breadcrumb\"},\"inLanguage\":\"sr-RS\",\"potentialAction\":[{\"@type\":\"ReadAction\",\"target\":[\"https:\/\/dvk.mak.ues.rs.ba\/index.php\/la\/prijavni-obrazac-situms-7-2025-3\/\"]}]},{\"@type\":\"BreadcrumbList\",\"@id\":\"https:\/\/dvk.mak.ues.rs.ba\/index.php\/la\/prijavni-obrazac-situms-7-2025-3\/#breadcrumb\",\"itemListElement\":[{\"@type\":\"ListItem\",\"position\":1,\"name\":\"\u041f\u043e\u0447\u0435\u0442\u043d\u0430\",\"item\":\"https:\/\/dvk.mak.ues.rs.ba\/\"},{\"@type\":\"ListItem\",\"position\":2,\"name\":\"Prijavni obrazac, SITUMS 7, 2025\"}]},{\"@type\":\"WebSite\",\"@id\":\"https:\/\/dvk.mak.ues.rs.ba\/#website\",\"url\":\"https:\/\/dvk.mak.ues.rs.ba\/\",\"name\":\"\u0414\u0430\u043d\u0438 \u0412\u043e\u0458\u0438\u043d\u0430 \u041a\u043e\u043c\u0430\u0434\u0438\u043d\u0435 (\u0414\u0412\u041a) \/ \u041d\u0430\u0443\u0447\u043d\u0438 \u0441\u043a\u0443\u043f \u0421\u0430\u0432\u0440\u0435\u043c\u0435\u043d\u043e \u0438 \u0442\u0440\u0430\u0434\u0438\u0446\u0438\u043e\u043d\u0430\u043b\u043d\u043e \u0443 \u043c\u0443\u0437\u0438\u0447\u043a\u043e\u043c \u0441\u0442\u0432\u0430\u0440\u0430\u043b\u0430\u0448\u0442\u0432\u0443 (\u0421\u0418\u0422\u0423\u041c\u0421)\",\"description\":\"\",\"publisher\":{\"@id\":\"https:\/\/dvk.mak.ues.rs.ba\/#organization\"},\"potentialAction\":[{\"@type\":\"SearchAction\",\"target\":{\"@type\":\"EntryPoint\",\"urlTemplate\":\"https:\/\/dvk.mak.ues.rs.ba\/?s={search_term_string}\"},\"query-input\":{\"@type\":\"PropertyValueSpecification\",\"valueRequired\":true,\"valueName\":\"search_term_string\"}}],\"inLanguage\":\"sr-RS\"},{\"@type\":\"Organization\",\"@id\":\"https:\/\/dvk.mak.ues.rs.ba\/#organization\",\"name\":\"\u0414\u0430\u043d\u0438 \u0412\u043e\u0458\u0438\u043d\u0430 \u041a\u043e\u043c\u0430\u0434\u0438\u043d\u0435 (\u0414\u0412\u041a) \/ \u041d\u0430\u0443\u0447\u043d\u0438 \u0441\u043a\u0443\u043f \u0421\u0430\u0432\u0440\u0435\u043c\u0435\u043d\u043e \u0438 \u0442\u0440\u0430\u0434\u0438\u0446\u0438\u043e\u043d\u0430\u043b\u043d\u043e \u0443 \u043c\u0443\u0437\u0438\u0447\u043a\u043e\u043c \u0441\u0442\u0432\u0430\u0440\u0430\u043b\u0430\u0448\u0442\u0432\u0443 (\u0421\u0418\u0422\u0423\u041c\u0421)\",\"url\":\"https:\/\/dvk.mak.ues.rs.ba\/\",\"logo\":{\"@type\":\"ImageObject\",\"inLanguage\":\"sr-RS\",\"@id\":\"https:\/\/dvk.mak.ues.rs.ba\/#\/schema\/logo\/image\/\",\"url\":\"https:\/\/dvk.mak.ues.rs.ba\/wp-content\/uploads\/2022\/02\/cropped-Logo-DVK-png-e1644406074503.png\",\"contentUrl\":\"https:\/\/dvk.mak.ues.rs.ba\/wp-content\/uploads\/2022\/02\/cropped-Logo-DVK-png-e1644406074503.png\",\"width\":200,\"height\":157,\"caption\":\"\u0414\u0430\u043d\u0438 \u0412\u043e\u0458\u0438\u043d\u0430 \u041a\u043e\u043c\u0430\u0434\u0438\u043d\u0435 (\u0414\u0412\u041a) \/ \u041d\u0430\u0443\u0447\u043d\u0438 \u0441\u043a\u0443\u043f \u0421\u0430\u0432\u0440\u0435\u043c\u0435\u043d\u043e \u0438 \u0442\u0440\u0430\u0434\u0438\u0446\u0438\u043e\u043d\u0430\u043b\u043d\u043e \u0443 \u043c\u0443\u0437\u0438\u0447\u043a\u043e\u043c \u0441\u0442\u0432\u0430\u0440\u0430\u043b\u0430\u0448\u0442\u0432\u0443 (\u0421\u0418\u0422\u0423\u041c\u0421)\"},\"image\":{\"@id\":\"https:\/\/dvk.mak.ues.rs.ba\/#\/schema\/logo\/image\/\"}}]}<\/script>\n<!-- \/ Yoast SEO plugin. -->","yoast_head_json":{"title":"Prijavni obrazac, SITUMS 7, 2025 - \u0414\u0430\u043d\u0438 \u0412\u043e\u0458\u0438\u043d\u0430 \u041a\u043e\u043c\u0430\u0434\u0438\u043d\u0435 (\u0414\u0412\u041a) \/ \u041d\u0430\u0443\u0447\u043d\u0438 \u0441\u043a\u0443\u043f \u0421\u0430\u0432\u0440\u0435\u043c\u0435\u043d\u043e \u0438 \u0442\u0440\u0430\u0434\u0438\u0446\u0438\u043e\u043d\u0430\u043b\u043d\u043e \u0443 \u043c\u0443\u0437\u0438\u0447\u043a\u043e\u043c \u0441\u0442\u0432\u0430\u0440\u0430\u043b\u0430\u0448\u0442\u0432\u0443 (\u0421\u0418\u0422\u0423\u041c\u0421)","robots":{"index":"index","follow":"follow","max-snippet":"max-snippet:-1","max-image-preview":"max-image-preview:large","max-video-preview":"max-video-preview:-1"},"canonical":"https:\/\/dvk.mak.ues.rs.ba\/index.php\/la\/prijavni-obrazac-situms-7-2025-3\/","og_locale":"sr_RS","og_type":"article","og_title":"Prijavni obrazac, SITUMS 7, 2025 - \u0414\u0430\u043d\u0438 \u0412\u043e\u0458\u0438\u043d\u0430 \u041a\u043e\u043c\u0430\u0434\u0438\u043d\u0435 (\u0414\u0412\u041a) \/ \u041d\u0430\u0443\u0447\u043d\u0438 \u0441\u043a\u0443\u043f \u0421\u0430\u0432\u0440\u0435\u043c\u0435\u043d\u043e \u0438 \u0442\u0440\u0430\u0434\u0438\u0446\u0438\u043e\u043d\u0430\u043b\u043d\u043e \u0443 \u043c\u0443\u0437\u0438\u0447\u043a\u043e\u043c \u0441\u0442\u0432\u0430\u0440\u0430\u043b\u0430\u0448\u0442\u0432\u0443 (\u0421\u0418\u0422\u0423\u041c\u0421)","og_url":"https:\/\/dvk.mak.ues.rs.ba\/index.php\/la\/prijavni-obrazac-situms-7-2025-3\/","og_site_name":"\u0414\u0430\u043d\u0438 \u0412\u043e\u0458\u0438\u043d\u0430 \u041a\u043e\u043c\u0430\u0434\u0438\u043d\u0435 (\u0414\u0412\u041a) \/ \u041d\u0430\u0443\u0447\u043d\u0438 \u0441\u043a\u0443\u043f \u0421\u0430\u0432\u0440\u0435\u043c\u0435\u043d\u043e \u0438 \u0442\u0440\u0430\u0434\u0438\u0446\u0438\u043e\u043d\u0430\u043b\u043d\u043e \u0443 \u043c\u0443\u0437\u0438\u0447\u043a\u043e\u043c \u0441\u0442\u0432\u0430\u0440\u0430\u043b\u0430\u0448\u0442\u0432\u0443 (\u0421\u0418\u0422\u0423\u041c\u0421)","article_modified_time":"2025-08-25T12:33:44+00:00","twitter_card":"summary_large_image","twitter_misc":{"\u041f\u0440\u043e\u0446\u0435\u045a\u0435\u043d\u043e \u0432\u0440\u0435\u043c\u0435 \u0447\u0438\u0442\u0430\u045a\u0430":"1 \u043c\u0438\u043d\u0443\u0442"},"schema":{"@context":"https:\/\/schema.org","@graph":[{"@type":"WebPage","@id":"https:\/\/dvk.mak.ues.rs.ba\/index.php\/la\/prijavni-obrazac-situms-7-2025-3\/","url":"https:\/\/dvk.mak.ues.rs.ba\/index.php\/la\/prijavni-obrazac-situms-7-2025-3\/","name":"Prijavni obrazac, SITUMS 7, 2025 - \u0414\u0430\u043d\u0438 \u0412\u043e\u0458\u0438\u043d\u0430 \u041a\u043e\u043c\u0430\u0434\u0438\u043d\u0435 (\u0414\u0412\u041a) \/ \u041d\u0430\u0443\u0447\u043d\u0438 \u0441\u043a\u0443\u043f \u0421\u0430\u0432\u0440\u0435\u043c\u0435\u043d\u043e \u0438 \u0442\u0440\u0430\u0434\u0438\u0446\u0438\u043e\u043d\u0430\u043b\u043d\u043e \u0443 \u043c\u0443\u0437\u0438\u0447\u043a\u043e\u043c \u0441\u0442\u0432\u0430\u0440\u0430\u043b\u0430\u0448\u0442\u0432\u0443 (\u0421\u0418\u0422\u0423\u041c\u0421)","isPartOf":{"@id":"https:\/\/dvk.mak.ues.rs.ba\/#website"},"datePublished":"2023-04-23T18:22:14+00:00","dateModified":"2025-08-25T12:33:44+00:00","breadcrumb":{"@id":"https:\/\/dvk.mak.ues.rs.ba\/index.php\/la\/prijavni-obrazac-situms-7-2025-3\/#breadcrumb"},"inLanguage":"sr-RS","potentialAction":[{"@type":"ReadAction","target":["https:\/\/dvk.mak.ues.rs.ba\/index.php\/la\/prijavni-obrazac-situms-7-2025-3\/"]}]},{"@type":"BreadcrumbList","@id":"https:\/\/dvk.mak.ues.rs.ba\/index.php\/la\/prijavni-obrazac-situms-7-2025-3\/#breadcrumb","itemListElement":[{"@type":"ListItem","position":1,"name":"\u041f\u043e\u0447\u0435\u0442\u043d\u0430","item":"https:\/\/dvk.mak.ues.rs.ba\/"},{"@type":"ListItem","position":2,"name":"Prijavni obrazac, SITUMS 7, 2025"}]},{"@type":"WebSite","@id":"https:\/\/dvk.mak.ues.rs.ba\/#website","url":"https:\/\/dvk.mak.ues.rs.ba\/","name":"\u0414\u0430\u043d\u0438 \u0412\u043e\u0458\u0438\u043d\u0430 \u041a\u043e\u043c\u0430\u0434\u0438\u043d\u0435 (\u0414\u0412\u041a) \/ \u041d\u0430\u0443\u0447\u043d\u0438 \u0441\u043a\u0443\u043f \u0421\u0430\u0432\u0440\u0435\u043c\u0435\u043d\u043e \u0438 \u0442\u0440\u0430\u0434\u0438\u0446\u0438\u043e\u043d\u0430\u043b\u043d\u043e \u0443 \u043c\u0443\u0437\u0438\u0447\u043a\u043e\u043c \u0441\u0442\u0432\u0430\u0440\u0430\u043b\u0430\u0448\u0442\u0432\u0443 (\u0421\u0418\u0422\u0423\u041c\u0421)","description":"","publisher":{"@id":"https:\/\/dvk.mak.ues.rs.ba\/#organization"},"potentialAction":[{"@type":"SearchAction","target":{"@type":"EntryPoint","urlTemplate":"https:\/\/dvk.mak.ues.rs.ba\/?s={search_term_string}"},"query-input":{"@type":"PropertyValueSpecification","valueRequired":true,"valueName":"search_term_string"}}],"inLanguage":"sr-RS"},{"@type":"Organization","@id":"https:\/\/dvk.mak.ues.rs.ba\/#organization","name":"\u0414\u0430\u043d\u0438 \u0412\u043e\u0458\u0438\u043d\u0430 \u041a\u043e\u043c\u0430\u0434\u0438\u043d\u0435 (\u0414\u0412\u041a) \/ \u041d\u0430\u0443\u0447\u043d\u0438 \u0441\u043a\u0443\u043f \u0421\u0430\u0432\u0440\u0435\u043c\u0435\u043d\u043e \u0438 \u0442\u0440\u0430\u0434\u0438\u0446\u0438\u043e\u043d\u0430\u043b\u043d\u043e \u0443 \u043c\u0443\u0437\u0438\u0447\u043a\u043e\u043c \u0441\u0442\u0432\u0430\u0440\u0430\u043b\u0430\u0448\u0442\u0432\u0443 (\u0421\u0418\u0422\u0423\u041c\u0421)","url":"https:\/\/dvk.mak.ues.rs.ba\/","logo":{"@type":"ImageObject","inLanguage":"sr-RS","@id":"https:\/\/dvk.mak.ues.rs.ba\/#\/schema\/logo\/image\/","url":"https:\/\/dvk.mak.ues.rs.ba\/wp-content\/uploads\/2022\/02\/cropped-Logo-DVK-png-e1644406074503.png","contentUrl":"https:\/\/dvk.mak.ues.rs.ba\/wp-content\/uploads\/2022\/02\/cropped-Logo-DVK-png-e1644406074503.png","width":200,"height":157,"caption":"\u0414\u0430\u043d\u0438 \u0412\u043e\u0458\u0438\u043d\u0430 \u041a\u043e\u043c\u0430\u0434\u0438\u043d\u0435 (\u0414\u0412\u041a) \/ \u041d\u0430\u0443\u0447\u043d\u0438 \u0441\u043a\u0443\u043f \u0421\u0430\u0432\u0440\u0435\u043c\u0435\u043d\u043e \u0438 \u0442\u0440\u0430\u0434\u0438\u0446\u0438\u043e\u043d\u0430\u043b\u043d\u043e \u0443 \u043c\u0443\u0437\u0438\u0447\u043a\u043e\u043c \u0441\u0442\u0432\u0430\u0440\u0430\u043b\u0430\u0448\u0442\u0432\u0443 (\u0421\u0418\u0422\u0423\u041c\u0421)"},"image":{"@id":"https:\/\/dvk.mak.ues.rs.ba\/#\/schema\/logo\/image\/"}}]}},"_links":{"self":[{"href":"https:\/\/dvk.mak.ues.rs.ba\/index.php\/wp-json\/wp\/v2\/pages\/1876","targetHints":{"allow":["GET"]}}],"collection":[{"href":"https:\/\/dvk.mak.ues.rs.ba\/index.php\/wp-json\/wp\/v2\/pages"}],"about":[{"href":"https:\/\/dvk.mak.ues.rs.ba\/index.php\/wp-json\/wp\/v2\/types\/page"}],"author":[{"embeddable":true,"href":"https:\/\/dvk.mak.ues.rs.ba\/index.php\/wp-json\/wp\/v2\/users\/2"}],"replies":[{"embeddable":true,"href":"https:\/\/dvk.mak.ues.rs.ba\/index.php\/wp-json\/wp\/v2\/comments?post=1876"}],"version-history":[{"count":3,"href":"https:\/\/dvk.mak.ues.rs.ba\/index.php\/wp-json\/wp\/v2\/pages\/1876\/revisions"}],"predecessor-version":[{"id":2297,"href":"https:\/\/dvk.mak.ues.rs.ba\/index.php\/wp-json\/wp\/v2\/pages\/1876\/revisions\/2297"}],"wp:attachment":[{"href":"https:\/\/dvk.mak.ues.rs.ba\/index.php\/wp-json\/wp\/v2\/media?parent=1876"}],"curies":[{"name":"wp","href":"https:\/\/api.w.org\/{rel}","templated":true}]}}