{"id":2324,"date":"2025-08-25T14:03:00","date_gmt":"2025-08-25T12:03:00","guid":{"rendered":"https:\/\/dvk.mak.ues.rs.ba\/?page_id=2324"},"modified":"2025-12-07T19:54:07","modified_gmt":"2025-12-07T18:54:07","slug":"vii-naucni-skup-savremeno-i-tradicionalno-u-muzickom-stvaralastvu-11-13-decembar-2025-2","status":"publish","type":"page","link":"https:\/\/dvk.mak.ues.rs.ba\/index.php\/la\/vii-naucni-skup-savremeno-i-tradicionalno-u-muzickom-stvaralastvu-11-13-decembar-2025-2\/","title":{"rendered":"VII nau\u010dni skup Savremeno i tradicionalno u muzi\u010dkom stvarala\u0161tvu (11-13. decembar 2025)"},"content":{"rendered":"\n<p><\/p>\n\n\n\n<p>Organizacioni odbor, nau\u010dni odbor, uredni\u0161tvo (2025)<\/p>\n\n\n\n<p>Raspored de\u0161avanja (2025)<\/p>\n\n\n\n<p>Knjiga sa\u017eetaka (2025)<\/p>\n\n\n\n<p>Zbornik radova SITUMS 7 (2026)<\/p>\n","protected":false},"excerpt":{"rendered":"<p>Organizacioni odbor, nau\u010dni odbor, uredni\u0161tvo (2025) Raspored de\u0161avanja (2025) Knjiga sa\u017eetaka (2025) Zbornik radova SITUMS 7 (2026)<\/p>\n","protected":false},"author":1,"featured_media":0,"parent":0,"menu_order":0,"comment_status":"closed","ping_status":"closed","template":"","meta":{"_monsterinsights_skip_tracking":false,"_monsterinsights_sitenote_active":false,"_monsterinsights_sitenote_note":"","_monsterinsights_sitenote_category":0,"neve_meta_sidebar":"","neve_meta_container":"","neve_meta_enable_content_width":"","neve_meta_content_width":0,"neve_meta_title_alignment":"","neve_meta_author_avatar":"","neve_post_elements_order":"","neve_meta_disable_header":"","neve_meta_disable_footer":"","neve_meta_disable_title":"","footnotes":""},"class_list":["post-2324","page","type-page","status-publish","hentry"],"yoast_head":"<!-- This site is optimized with the Yoast SEO plugin v26.3 - https:\/\/yoast.com\/wordpress\/plugins\/seo\/ -->\n<title>VII nau\u010dni skup Savremeno i tradicionalno u muzi\u010dkom stvarala\u0161tvu (11-13. decembar 2025) - \u0414\u0430\u043d\u0438 \u0412\u043e\u0458\u0438\u043d\u0430 \u041a\u043e\u043c\u0430\u0434\u0438\u043d\u0435 (\u0414\u0412\u041a) \/ \u041d\u0430\u0443\u0447\u043d\u0438 \u0441\u043a\u0443\u043f \u0421\u0430\u0432\u0440\u0435\u043c\u0435\u043d\u043e \u0438 \u0442\u0440\u0430\u0434\u0438\u0446\u0438\u043e\u043d\u0430\u043b\u043d\u043e \u0443 \u043c\u0443\u0437\u0438\u0447\u043a\u043e\u043c \u0441\u0442\u0432\u0430\u0440\u0430\u043b\u0430\u0448\u0442\u0432\u0443 (\u0421\u0418\u0422\u0423\u041c\u0421)<\/title>\n<meta name=\"robots\" content=\"index, follow, max-snippet:-1, max-image-preview:large, max-video-preview:-1\" \/>\n<link rel=\"canonical\" href=\"https:\/\/dvk.mak.ues.rs.ba\/index.php\/la\/vii-naucni-skup-savremeno-i-tradicionalno-u-muzickom-stvaralastvu-11-13-decembar-2025-2\/\" \/>\n<meta property=\"og:locale\" content=\"sr_RS\" \/>\n<meta property=\"og:type\" content=\"article\" \/>\n<meta property=\"og:title\" content=\"VII nau\u010dni skup Savremeno i tradicionalno u muzi\u010dkom stvarala\u0161tvu (11-13. decembar 2025) - \u0414\u0430\u043d\u0438 \u0412\u043e\u0458\u0438\u043d\u0430 \u041a\u043e\u043c\u0430\u0434\u0438\u043d\u0435 (\u0414\u0412\u041a) \/ \u041d\u0430\u0443\u0447\u043d\u0438 \u0441\u043a\u0443\u043f \u0421\u0430\u0432\u0440\u0435\u043c\u0435\u043d\u043e \u0438 \u0442\u0440\u0430\u0434\u0438\u0446\u0438\u043e\u043d\u0430\u043b\u043d\u043e \u0443 \u043c\u0443\u0437\u0438\u0447\u043a\u043e\u043c \u0441\u0442\u0432\u0430\u0440\u0430\u043b\u0430\u0448\u0442\u0432\u0443 (\u0421\u0418\u0422\u0423\u041c\u0421)\" \/>\n<meta property=\"og:description\" content=\"Organizacioni odbor, nau\u010dni odbor, uredni\u0161tvo (2025) Raspored de\u0161avanja (2025) Knjiga sa\u017eetaka (2025) Zbornik radova SITUMS 7 (2026)\" \/>\n<meta property=\"og:url\" content=\"https:\/\/dvk.mak.ues.rs.ba\/index.php\/la\/vii-naucni-skup-savremeno-i-tradicionalno-u-muzickom-stvaralastvu-11-13-decembar-2025-2\/\" \/>\n<meta property=\"og:site_name\" content=\"\u0414\u0430\u043d\u0438 \u0412\u043e\u0458\u0438\u043d\u0430 \u041a\u043e\u043c\u0430\u0434\u0438\u043d\u0435 (\u0414\u0412\u041a) \/ \u041d\u0430\u0443\u0447\u043d\u0438 \u0441\u043a\u0443\u043f \u0421\u0430\u0432\u0440\u0435\u043c\u0435\u043d\u043e \u0438 \u0442\u0440\u0430\u0434\u0438\u0446\u0438\u043e\u043d\u0430\u043b\u043d\u043e \u0443 \u043c\u0443\u0437\u0438\u0447\u043a\u043e\u043c \u0441\u0442\u0432\u0430\u0440\u0430\u043b\u0430\u0448\u0442\u0432\u0443 (\u0421\u0418\u0422\u0423\u041c\u0421)\" \/>\n<meta property=\"article:modified_time\" content=\"2025-12-07T18:54:07+00:00\" \/>\n<meta name=\"twitter:card\" content=\"summary_large_image\" \/>\n<meta name=\"twitter:label1\" content=\"\u041f\u0440\u043e\u0446\u0435\u045a\u0435\u043d\u043e \u0432\u0440\u0435\u043c\u0435 \u0447\u0438\u0442\u0430\u045a\u0430\" \/>\n\t<meta name=\"twitter:data1\" content=\"1 \u043c\u0438\u043d\u0443\u0442\" \/>\n<script type=\"application\/ld+json\" class=\"yoast-schema-graph\">{\"@context\":\"https:\/\/schema.org\",\"@graph\":[{\"@type\":\"WebPage\",\"@id\":\"https:\/\/dvk.mak.ues.rs.ba\/index.php\/la\/vii-naucni-skup-savremeno-i-tradicionalno-u-muzickom-stvaralastvu-11-13-decembar-2025-2\/\",\"url\":\"https:\/\/dvk.mak.ues.rs.ba\/index.php\/la\/vii-naucni-skup-savremeno-i-tradicionalno-u-muzickom-stvaralastvu-11-13-decembar-2025-2\/\",\"name\":\"VII nau\u010dni skup Savremeno i tradicionalno u muzi\u010dkom stvarala\u0161tvu (11-13. decembar 2025) - \u0414\u0430\u043d\u0438 \u0412\u043e\u0458\u0438\u043d\u0430 \u041a\u043e\u043c\u0430\u0434\u0438\u043d\u0435 (\u0414\u0412\u041a) \/ \u041d\u0430\u0443\u0447\u043d\u0438 \u0441\u043a\u0443\u043f \u0421\u0430\u0432\u0440\u0435\u043c\u0435\u043d\u043e \u0438 \u0442\u0440\u0430\u0434\u0438\u0446\u0438\u043e\u043d\u0430\u043b\u043d\u043e \u0443 \u043c\u0443\u0437\u0438\u0447\u043a\u043e\u043c \u0441\u0442\u0432\u0430\u0440\u0430\u043b\u0430\u0448\u0442\u0432\u0443 (\u0421\u0418\u0422\u0423\u041c\u0421)\",\"isPartOf\":{\"@id\":\"https:\/\/dvk.mak.ues.rs.ba\/#website\"},\"datePublished\":\"2025-08-25T12:03:00+00:00\",\"dateModified\":\"2025-12-07T18:54:07+00:00\",\"breadcrumb\":{\"@id\":\"https:\/\/dvk.mak.ues.rs.ba\/index.php\/la\/vii-naucni-skup-savremeno-i-tradicionalno-u-muzickom-stvaralastvu-11-13-decembar-2025-2\/#breadcrumb\"},\"inLanguage\":\"sr-RS\",\"potentialAction\":[{\"@type\":\"ReadAction\",\"target\":[\"https:\/\/dvk.mak.ues.rs.ba\/index.php\/la\/vii-naucni-skup-savremeno-i-tradicionalno-u-muzickom-stvaralastvu-11-13-decembar-2025-2\/\"]}]},{\"@type\":\"BreadcrumbList\",\"@id\":\"https:\/\/dvk.mak.ues.rs.ba\/index.php\/la\/vii-naucni-skup-savremeno-i-tradicionalno-u-muzickom-stvaralastvu-11-13-decembar-2025-2\/#breadcrumb\",\"itemListElement\":[{\"@type\":\"ListItem\",\"position\":1,\"name\":\"\u041f\u043e\u0447\u0435\u0442\u043d\u0430\",\"item\":\"https:\/\/dvk.mak.ues.rs.ba\/\"},{\"@type\":\"ListItem\",\"position\":2,\"name\":\"VII nau\u010dni skup Savremeno i tradicionalno u muzi\u010dkom stvarala\u0161tvu (11-13. decembar 2025)\"}]},{\"@type\":\"WebSite\",\"@id\":\"https:\/\/dvk.mak.ues.rs.ba\/#website\",\"url\":\"https:\/\/dvk.mak.ues.rs.ba\/\",\"name\":\"\u0414\u0430\u043d\u0438 \u0412\u043e\u0458\u0438\u043d\u0430 \u041a\u043e\u043c\u0430\u0434\u0438\u043d\u0435 (\u0414\u0412\u041a) \/ \u041d\u0430\u0443\u0447\u043d\u0438 \u0441\u043a\u0443\u043f \u0421\u0430\u0432\u0440\u0435\u043c\u0435\u043d\u043e \u0438 \u0442\u0440\u0430\u0434\u0438\u0446\u0438\u043e\u043d\u0430\u043b\u043d\u043e \u0443 \u043c\u0443\u0437\u0438\u0447\u043a\u043e\u043c \u0441\u0442\u0432\u0430\u0440\u0430\u043b\u0430\u0448\u0442\u0432\u0443 (\u0421\u0418\u0422\u0423\u041c\u0421)\",\"description\":\"\",\"publisher\":{\"@id\":\"https:\/\/dvk.mak.ues.rs.ba\/#organization\"},\"potentialAction\":[{\"@type\":\"SearchAction\",\"target\":{\"@type\":\"EntryPoint\",\"urlTemplate\":\"https:\/\/dvk.mak.ues.rs.ba\/?s={search_term_string}\"},\"query-input\":{\"@type\":\"PropertyValueSpecification\",\"valueRequired\":true,\"valueName\":\"search_term_string\"}}],\"inLanguage\":\"sr-RS\"},{\"@type\":\"Organization\",\"@id\":\"https:\/\/dvk.mak.ues.rs.ba\/#organization\",\"name\":\"\u0414\u0430\u043d\u0438 \u0412\u043e\u0458\u0438\u043d\u0430 \u041a\u043e\u043c\u0430\u0434\u0438\u043d\u0435 (\u0414\u0412\u041a) \/ \u041d\u0430\u0443\u0447\u043d\u0438 \u0441\u043a\u0443\u043f \u0421\u0430\u0432\u0440\u0435\u043c\u0435\u043d\u043e \u0438 \u0442\u0440\u0430\u0434\u0438\u0446\u0438\u043e\u043d\u0430\u043b\u043d\u043e \u0443 \u043c\u0443\u0437\u0438\u0447\u043a\u043e\u043c \u0441\u0442\u0432\u0430\u0440\u0430\u043b\u0430\u0448\u0442\u0432\u0443 (\u0421\u0418\u0422\u0423\u041c\u0421)\",\"url\":\"https:\/\/dvk.mak.ues.rs.ba\/\",\"logo\":{\"@type\":\"ImageObject\",\"inLanguage\":\"sr-RS\",\"@id\":\"https:\/\/dvk.mak.ues.rs.ba\/#\/schema\/logo\/image\/\",\"url\":\"https:\/\/dvk.mak.ues.rs.ba\/wp-content\/uploads\/2022\/02\/cropped-Logo-DVK-png-e1644406074503.png\",\"contentUrl\":\"https:\/\/dvk.mak.ues.rs.ba\/wp-content\/uploads\/2022\/02\/cropped-Logo-DVK-png-e1644406074503.png\",\"width\":200,\"height\":157,\"caption\":\"\u0414\u0430\u043d\u0438 \u0412\u043e\u0458\u0438\u043d\u0430 \u041a\u043e\u043c\u0430\u0434\u0438\u043d\u0435 (\u0414\u0412\u041a) \/ \u041d\u0430\u0443\u0447\u043d\u0438 \u0441\u043a\u0443\u043f \u0421\u0430\u0432\u0440\u0435\u043c\u0435\u043d\u043e \u0438 \u0442\u0440\u0430\u0434\u0438\u0446\u0438\u043e\u043d\u0430\u043b\u043d\u043e \u0443 \u043c\u0443\u0437\u0438\u0447\u043a\u043e\u043c \u0441\u0442\u0432\u0430\u0440\u0430\u043b\u0430\u0448\u0442\u0432\u0443 (\u0421\u0418\u0422\u0423\u041c\u0421)\"},\"image\":{\"@id\":\"https:\/\/dvk.mak.ues.rs.ba\/#\/schema\/logo\/image\/\"}}]}<\/script>\n<!-- \/ Yoast SEO plugin. -->","yoast_head_json":{"title":"VII nau\u010dni skup Savremeno i tradicionalno u muzi\u010dkom stvarala\u0161tvu (11-13. decembar 2025) - \u0414\u0430\u043d\u0438 \u0412\u043e\u0458\u0438\u043d\u0430 \u041a\u043e\u043c\u0430\u0434\u0438\u043d\u0435 (\u0414\u0412\u041a) \/ \u041d\u0430\u0443\u0447\u043d\u0438 \u0441\u043a\u0443\u043f \u0421\u0430\u0432\u0440\u0435\u043c\u0435\u043d\u043e \u0438 \u0442\u0440\u0430\u0434\u0438\u0446\u0438\u043e\u043d\u0430\u043b\u043d\u043e \u0443 \u043c\u0443\u0437\u0438\u0447\u043a\u043e\u043c \u0441\u0442\u0432\u0430\u0440\u0430\u043b\u0430\u0448\u0442\u0432\u0443 (\u0421\u0418\u0422\u0423\u041c\u0421)","robots":{"index":"index","follow":"follow","max-snippet":"max-snippet:-1","max-image-preview":"max-image-preview:large","max-video-preview":"max-video-preview:-1"},"canonical":"https:\/\/dvk.mak.ues.rs.ba\/index.php\/la\/vii-naucni-skup-savremeno-i-tradicionalno-u-muzickom-stvaralastvu-11-13-decembar-2025-2\/","og_locale":"sr_RS","og_type":"article","og_title":"VII nau\u010dni skup Savremeno i tradicionalno u muzi\u010dkom stvarala\u0161tvu (11-13. decembar 2025) - \u0414\u0430\u043d\u0438 \u0412\u043e\u0458\u0438\u043d\u0430 \u041a\u043e\u043c\u0430\u0434\u0438\u043d\u0435 (\u0414\u0412\u041a) \/ \u041d\u0430\u0443\u0447\u043d\u0438 \u0441\u043a\u0443\u043f \u0421\u0430\u0432\u0440\u0435\u043c\u0435\u043d\u043e \u0438 \u0442\u0440\u0430\u0434\u0438\u0446\u0438\u043e\u043d\u0430\u043b\u043d\u043e \u0443 \u043c\u0443\u0437\u0438\u0447\u043a\u043e\u043c \u0441\u0442\u0432\u0430\u0440\u0430\u043b\u0430\u0448\u0442\u0432\u0443 (\u0421\u0418\u0422\u0423\u041c\u0421)","og_description":"Organizacioni odbor, nau\u010dni odbor, uredni\u0161tvo (2025) Raspored de\u0161avanja (2025) Knjiga sa\u017eetaka (2025) Zbornik radova SITUMS 7 (2026)","og_url":"https:\/\/dvk.mak.ues.rs.ba\/index.php\/la\/vii-naucni-skup-savremeno-i-tradicionalno-u-muzickom-stvaralastvu-11-13-decembar-2025-2\/","og_site_name":"\u0414\u0430\u043d\u0438 \u0412\u043e\u0458\u0438\u043d\u0430 \u041a\u043e\u043c\u0430\u0434\u0438\u043d\u0435 (\u0414\u0412\u041a) \/ \u041d\u0430\u0443\u0447\u043d\u0438 \u0441\u043a\u0443\u043f \u0421\u0430\u0432\u0440\u0435\u043c\u0435\u043d\u043e \u0438 \u0442\u0440\u0430\u0434\u0438\u0446\u0438\u043e\u043d\u0430\u043b\u043d\u043e \u0443 \u043c\u0443\u0437\u0438\u0447\u043a\u043e\u043c \u0441\u0442\u0432\u0430\u0440\u0430\u043b\u0430\u0448\u0442\u0432\u0443 (\u0421\u0418\u0422\u0423\u041c\u0421)","article_modified_time":"2025-12-07T18:54:07+00:00","twitter_card":"summary_large_image","twitter_misc":{"\u041f\u0440\u043e\u0446\u0435\u045a\u0435\u043d\u043e \u0432\u0440\u0435\u043c\u0435 \u0447\u0438\u0442\u0430\u045a\u0430":"1 \u043c\u0438\u043d\u0443\u0442"},"schema":{"@context":"https:\/\/schema.org","@graph":[{"@type":"WebPage","@id":"https:\/\/dvk.mak.ues.rs.ba\/index.php\/la\/vii-naucni-skup-savremeno-i-tradicionalno-u-muzickom-stvaralastvu-11-13-decembar-2025-2\/","url":"https:\/\/dvk.mak.ues.rs.ba\/index.php\/la\/vii-naucni-skup-savremeno-i-tradicionalno-u-muzickom-stvaralastvu-11-13-decembar-2025-2\/","name":"VII nau\u010dni skup Savremeno i tradicionalno u muzi\u010dkom stvarala\u0161tvu (11-13. decembar 2025) - \u0414\u0430\u043d\u0438 \u0412\u043e\u0458\u0438\u043d\u0430 \u041a\u043e\u043c\u0430\u0434\u0438\u043d\u0435 (\u0414\u0412\u041a) \/ \u041d\u0430\u0443\u0447\u043d\u0438 \u0441\u043a\u0443\u043f \u0421\u0430\u0432\u0440\u0435\u043c\u0435\u043d\u043e \u0438 \u0442\u0440\u0430\u0434\u0438\u0446\u0438\u043e\u043d\u0430\u043b\u043d\u043e \u0443 \u043c\u0443\u0437\u0438\u0447\u043a\u043e\u043c \u0441\u0442\u0432\u0430\u0440\u0430\u043b\u0430\u0448\u0442\u0432\u0443 (\u0421\u0418\u0422\u0423\u041c\u0421)","isPartOf":{"@id":"https:\/\/dvk.mak.ues.rs.ba\/#website"},"datePublished":"2025-08-25T12:03:00+00:00","dateModified":"2025-12-07T18:54:07+00:00","breadcrumb":{"@id":"https:\/\/dvk.mak.ues.rs.ba\/index.php\/la\/vii-naucni-skup-savremeno-i-tradicionalno-u-muzickom-stvaralastvu-11-13-decembar-2025-2\/#breadcrumb"},"inLanguage":"sr-RS","potentialAction":[{"@type":"ReadAction","target":["https:\/\/dvk.mak.ues.rs.ba\/index.php\/la\/vii-naucni-skup-savremeno-i-tradicionalno-u-muzickom-stvaralastvu-11-13-decembar-2025-2\/"]}]},{"@type":"BreadcrumbList","@id":"https:\/\/dvk.mak.ues.rs.ba\/index.php\/la\/vii-naucni-skup-savremeno-i-tradicionalno-u-muzickom-stvaralastvu-11-13-decembar-2025-2\/#breadcrumb","itemListElement":[{"@type":"ListItem","position":1,"name":"\u041f\u043e\u0447\u0435\u0442\u043d\u0430","item":"https:\/\/dvk.mak.ues.rs.ba\/"},{"@type":"ListItem","position":2,"name":"VII nau\u010dni skup Savremeno i tradicionalno u muzi\u010dkom stvarala\u0161tvu (11-13. decembar 2025)"}]},{"@type":"WebSite","@id":"https:\/\/dvk.mak.ues.rs.ba\/#website","url":"https:\/\/dvk.mak.ues.rs.ba\/","name":"\u0414\u0430\u043d\u0438 \u0412\u043e\u0458\u0438\u043d\u0430 \u041a\u043e\u043c\u0430\u0434\u0438\u043d\u0435 (\u0414\u0412\u041a) \/ \u041d\u0430\u0443\u0447\u043d\u0438 \u0441\u043a\u0443\u043f \u0421\u0430\u0432\u0440\u0435\u043c\u0435\u043d\u043e \u0438 \u0442\u0440\u0430\u0434\u0438\u0446\u0438\u043e\u043d\u0430\u043b\u043d\u043e \u0443 \u043c\u0443\u0437\u0438\u0447\u043a\u043e\u043c \u0441\u0442\u0432\u0430\u0440\u0430\u043b\u0430\u0448\u0442\u0432\u0443 (\u0421\u0418\u0422\u0423\u041c\u0421)","description":"","publisher":{"@id":"https:\/\/dvk.mak.ues.rs.ba\/#organization"},"potentialAction":[{"@type":"SearchAction","target":{"@type":"EntryPoint","urlTemplate":"https:\/\/dvk.mak.ues.rs.ba\/?s={search_term_string}"},"query-input":{"@type":"PropertyValueSpecification","valueRequired":true,"valueName":"search_term_string"}}],"inLanguage":"sr-RS"},{"@type":"Organization","@id":"https:\/\/dvk.mak.ues.rs.ba\/#organization","name":"\u0414\u0430\u043d\u0438 \u0412\u043e\u0458\u0438\u043d\u0430 \u041a\u043e\u043c\u0430\u0434\u0438\u043d\u0435 (\u0414\u0412\u041a) \/ \u041d\u0430\u0443\u0447\u043d\u0438 \u0441\u043a\u0443\u043f \u0421\u0430\u0432\u0440\u0435\u043c\u0435\u043d\u043e \u0438 \u0442\u0440\u0430\u0434\u0438\u0446\u0438\u043e\u043d\u0430\u043b\u043d\u043e \u0443 \u043c\u0443\u0437\u0438\u0447\u043a\u043e\u043c \u0441\u0442\u0432\u0430\u0440\u0430\u043b\u0430\u0448\u0442\u0432\u0443 (\u0421\u0418\u0422\u0423\u041c\u0421)","url":"https:\/\/dvk.mak.ues.rs.ba\/","logo":{"@type":"ImageObject","inLanguage":"sr-RS","@id":"https:\/\/dvk.mak.ues.rs.ba\/#\/schema\/logo\/image\/","url":"https:\/\/dvk.mak.ues.rs.ba\/wp-content\/uploads\/2022\/02\/cropped-Logo-DVK-png-e1644406074503.png","contentUrl":"https:\/\/dvk.mak.ues.rs.ba\/wp-content\/uploads\/2022\/02\/cropped-Logo-DVK-png-e1644406074503.png","width":200,"height":157,"caption":"\u0414\u0430\u043d\u0438 \u0412\u043e\u0458\u0438\u043d\u0430 \u041a\u043e\u043c\u0430\u0434\u0438\u043d\u0435 (\u0414\u0412\u041a) \/ \u041d\u0430\u0443\u0447\u043d\u0438 \u0441\u043a\u0443\u043f \u0421\u0430\u0432\u0440\u0435\u043c\u0435\u043d\u043e \u0438 \u0442\u0440\u0430\u0434\u0438\u0446\u0438\u043e\u043d\u0430\u043b\u043d\u043e \u0443 \u043c\u0443\u0437\u0438\u0447\u043a\u043e\u043c \u0441\u0442\u0432\u0430\u0440\u0430\u043b\u0430\u0448\u0442\u0432\u0443 (\u0421\u0418\u0422\u0423\u041c\u0421)"},"image":{"@id":"https:\/\/dvk.mak.ues.rs.ba\/#\/schema\/logo\/image\/"}}]}},"_links":{"self":[{"href":"https:\/\/dvk.mak.ues.rs.ba\/index.php\/wp-json\/wp\/v2\/pages\/2324","targetHints":{"allow":["GET"]}}],"collection":[{"href":"https:\/\/dvk.mak.ues.rs.ba\/index.php\/wp-json\/wp\/v2\/pages"}],"about":[{"href":"https:\/\/dvk.mak.ues.rs.ba\/index.php\/wp-json\/wp\/v2\/types\/page"}],"author":[{"embeddable":true,"href":"https:\/\/dvk.mak.ues.rs.ba\/index.php\/wp-json\/wp\/v2\/users\/1"}],"replies":[{"embeddable":true,"href":"https:\/\/dvk.mak.ues.rs.ba\/index.php\/wp-json\/wp\/v2\/comments?post=2324"}],"version-history":[{"count":2,"href":"https:\/\/dvk.mak.ues.rs.ba\/index.php\/wp-json\/wp\/v2\/pages\/2324\/revisions"}],"predecessor-version":[{"id":2579,"href":"https:\/\/dvk.mak.ues.rs.ba\/index.php\/wp-json\/wp\/v2\/pages\/2324\/revisions\/2579"}],"wp:attachment":[{"href":"https:\/\/dvk.mak.ues.rs.ba\/index.php\/wp-json\/wp\/v2\/media?parent=2324"}],"curies":[{"name":"wp","href":"https:\/\/api.w.org\/{rel}","templated":true}]}}