{"id":832,"date":"2022-02-21T11:51:52","date_gmt":"2022-02-21T10:51:52","guid":{"rendered":"https:\/\/dvk.mak.ues.rs.ba\/?page_id=832"},"modified":"2022-11-17T11:47:38","modified_gmt":"2022-11-17T10:47:38","slug":"start-2a","status":"publish","type":"page","link":"https:\/\/dvk.mak.ues.rs.ba\/index.php\/la\/start-2a\/","title":{"rendered":"Dani Vojina Komadine \/ Nau\u010dni skup Savremeno i tradicionalno u muzi\u010dkom stvarala\u0161tvu (SITUMS)"},"content":{"rendered":"\n<pre class=\"wp-block-preformatted has-text-color has-background\" style=\"color:#a51111;background-color:#fff1cc\">      <strong>Dani Vojina Komadine (DVK) \/ Nau\u010dni skup <em>Savremeno i tradicionalno u muzi\u010dkom stvarala\u0161tvu<\/em><\/strong> (SITUMS)                  \n\n\n                                   <img fetchpriority=\"high\" decoding=\"async\" width=\"300\" height=\"199\" class=\"wp-image-578\" style=\"width: 300px;\" src=\"https:\/\/dvk.mak.ues.rs.ba\/wp-content\/uploads\/2022\/02\/VK-slika.png\" alt=\"\" srcset=\"https:\/\/dvk.mak.ues.rs.ba\/wp-content\/uploads\/2022\/02\/VK-slika.png 869w, https:\/\/dvk.mak.ues.rs.ba\/wp-content\/uploads\/2022\/02\/VK-slika-300x199.png 300w, https:\/\/dvk.mak.ues.rs.ba\/wp-content\/uploads\/2022\/02\/VK-slika-768x508.png 768w\" sizes=\"(max-width: 300px) 100vw, 300px\" \/>\n\n\n\nAkademik Vojin Komadina, kompozitor (8. novembar 1933 - 9. februar 1997) je jedno  od zna\u010dajnijih imena jugoslovenske muzike druge polovine 20. vijeka. Preko \u010detiri decenije bio je aktivno prisutan na jugoslovenskoj muzi\u010dkoj sceni, kako svojim kompozicijama, tako i brojnim anga\u017emanima u kulturno-obrazovnim  institucijama i strukovnim asocijacijama.\n       Po\u0161to je ve\u0107inu svog \u017eivotnog i stvarala\u010dkog puta vezao za Bosnu i Hercegovinu, Komadina je postao jedna od najmarkantnijih li\u010dnosti bosanskohercegova\u010dke kulturne sredine toga vremena, a svojom kreativno\u0161\u0107u  znatno obogatio muzi\u010dki \u017eivot te sredine.\nMnoga dela, iz razli\u010ditih stvarala\u010dkih faza, nai\u0161la su na izuzetno dobar prijem slu\u0161alaca, posebno stru\u010dne publike i kritike, kao \u0161to su balet Satana, Hasanaginica, Dervi\u0161 i smrt, kamerno djelo Smrt majke Jugovi\u0107a, Drugi klavirski koncert, IV refren, Tu\u017ene pesme ...\n       Studije kompozicije zapo\u010deo je na Muzi\u010dkoj akademiji u Beogradu, u klasi profesora Mihovila Logara, a nastavio i diplomirao 1960. godine. na Muzi\u010dkoj akademiji u Sarajevu, u klasi profesora Bo\u017eidara Trudi\u0107a.\n       Krajem sedamdesetih usavr\u0161ava kompoziciju na ljetnom kursu u Darm\u0161tatu (Njema\u010dka) kod profesora Karlhajnca \u0160tokhauzena (Karlheinz Stockhausen) i \u0110er\u0111a Ligetija (Gy\u00f6rgya Ligety), a zavr\u0161io je i Majstorski kurs na Visokoj \u0161koli u Kelnu kod profesora Milka Kelemena.\n       Stru\u010dno usavr\u0161avanje kontinuirano se odvijalo pra\u0107enjem savremene muzi\u010dke scene i aktivnim u\u010de\u0161\u0107em na raznim smotrama savremene muzike, poput Muzi\u010dkog bijenala u Zagrebu, Var\u0161avske jeseni, Festivala savremene kamerne muzike u Radencima (Slovenija) i drugi. Kao apsolvent po\u010dinje da radi u Srednjoj muzi\u010dkoj \u0161koli u Tuzli (1959.), gdje, kao profesor harmonije i drugih stru\u010dnih predmeta, radi do kraja \u0161kolske 1965\/66. godine. Rad u ovoj \u0161koli nastavio je i kasnije kao gostuju\u0107i profesor. Prelaskom u Sarajevo (1966.) zasniva stalni radni odnos u RTV Sarajevo, gdje je do 1975. godine obavlja razne uredni\u010dke poslove muzi\u010dkog i kulturno-umjetni\u010dkog programa. Istovremeno je anga\u017eovan na Muzi\u010dkoj akademiji kao spoljni saradnik na predmetu Analiza polifonih oblika. Od 1975. godine stalno je anga\u017eovan na toj Akademiji kao profesor za predmete Kompozicija i Orkestracija do kraja \u0161kolske 1982\/83. godine, kada je oti\u0161ao u prijevremenu penziju.\n      Saradnju sa Muzi\u010dkom akademijom u Podgorici (Titograd) zapo\u010deo je 1985. godine kao honorarni profesor za predmete Harmonija i Harmonska analiza, a kasnije i za Kompoziciju  i Orkestraciju.\nU aprilu 1992. napu\u0161ta Sarajevo i odlazi u Beograd. Zasniva  stalni radni odnos na Muzi\u010dkoj akademiji u Podgorici, po\u010detkom \u0161kolske 1992\/93. godine, kada je izabran u zvanje redovnog profesora za predmete Kompozicija i Orkestracija. Od oktobra 1994. godine obavlja i du\u017enost  v.d dekana na pomenutoj akademiji. Komadina u to vrijeme obavljao ruge poslove - kao predsjednik Predsjedni\u0161tva SOKOJ-a i predsjednik, tj. \u010dlan Upravnog odbora ove institucije.\nAktivno se uklju\u010dio u poslove organizacije tada\u0161njeg Univerziteta u Srpskom Sarajevu. Bio je prvi v.d. dekan tada\u0161nje Muzi\u010dke akademije, te profesor i mentor prvog diplomskog rada. Jedan je od osniva\u010da Akademije nauka i umjetnosti Republike Srpske i njen prvi sekretar.\n      Za svoj stvarala\u010dki rad Komadina  je dobio veliki broj nagrada i priznanja. Prva nagrada datira jo\u0161 iz studentskih dana (1958), kada Komadina postaje \u010dlan Udru\u017eenja kompozitora BiH. Nagra\u0111ivana su djela razli\u010ditih \u017eanrova, od muzike za djecu do muzi\u010dko-scenskih dijela: tri nagrade na \u201eKonkursu za dje\u010diju pjesmu\u201c RTB; tri nagrade JRT na \"Festivalu jugoslovenske muzike na radiju\" (1966, 1968 i 1972); vi\u0161e nagrada UK BiH; dvije \"Mokranj\u010deve nagrade\" za horske kompozicije (1964. i 1972.); \u0160estoaprilska nagrada grada Sarajeva za balet \"Sotona\" (1972); nagrada \"4. jul\" za kantatu \"Iskre\" (1974); \"Sterijina nagrada\" za scensku muziku u drami \"Ku\u0107a \u017ealosti\" (1972); najvi\u0161a republi\u010dka nagrada BiH \"27. jul\" za cjelokupni rad (1980.); Nagrada \"Josif Marinkovi\u0107\" 1996. godine za poslednje kompozitorsko djelo - solo pjesmu \"Bojana, \u0111evojko\". Brojne nagrade i priznanja, me\u0111u njima i znatan broj vrlo presti\u017enih, svakako govore o zna\u010daju kompozitora, tj.  njegovog stvarala\u0161tva. Jedno od najve\u0107ih priznanja je izbor za dopisnog \u010dlana Akademije nauka i umjetnosti Bosne i Hercegovine, 13. aprila1978. godine.\n      U stvarala\u010dkom periodu od preko \u010detiri decenije, Komadina je ostavio impresivan kompozitorski opus. Taj opus sadr\u017ei djela raznovrsnih \u017eanrova i formi \u2013 od muzike za djecu, solisti\u010dke, kamerne, horske, velikih vokalno-instrumentalnih kompozicija (kantata), tzv. primijenjene muzike - do simfonijskih i muzi\u010dko-scenskih djela.\n      Kada se sagleda koliko je i na koji na\u010din kompozitorovo stvarala\u0161tvo vrednovano i za\u017eivelo za njegovog \u017eivota, mo\u017ee se pretpostaviti - o\u010dekivati da \u0107e trag Vojina Komadine ostati da \u017eivi kao trajna vrijednost na\u0161e muzi\u010dke ba\u0161tine.\n\n <\/pre>\n","protected":false},"excerpt":{"rendered":"<p>Dani Vojina Komadine (DVK) \/ Nau\u010dni skup Savremeno i tradicionalno u muzi\u010dkom stvarala\u0161tvu (SITUMS) Akademik Vojin Komadina, kompozitor (8. novembar 1933 &#8211; 9. februar 1997) je jedno od zna\u010dajnijih imena jugoslovenske muzike druge polovine 20. vijeka. Preko \u010detiri decenije bio je aktivno prisutan na jugoslovenskoj muzi\u010dkoj sceni, kako svojim kompozicijama, tako i brojnim anga\u017emanima u&hellip;&nbsp;<a href=\"https:\/\/dvk.mak.ues.rs.ba\/index.php\/la\/start-2a\/\" rel=\"bookmark\">\u041f\u0440\u043e\u0447\u0438\u0442\u0430\u0458 \u0432\u0438\u0448\u0435 &raquo;<span class=\"screen-reader-text\">Dani Vojina Komadine \/ Nau\u010dni skup Savremeno i tradicionalno u muzi\u010dkom stvarala\u0161tvu (SITUMS)<\/span><\/a><\/p>\n","protected":false},"author":1,"featured_media":0,"parent":0,"menu_order":2,"comment_status":"closed","ping_status":"closed","template":"","meta":{"_monsterinsights_skip_tracking":false,"_monsterinsights_sitenote_active":false,"_monsterinsights_sitenote_note":"","_monsterinsights_sitenote_category":0,"neve_meta_sidebar":"","neve_meta_container":"","neve_meta_enable_content_width":"","neve_meta_content_width":0,"neve_meta_title_alignment":"","neve_meta_author_avatar":"","neve_post_elements_order":"","neve_meta_disable_header":"","neve_meta_disable_footer":"","neve_meta_disable_title":"","footnotes":""},"class_list":["post-832","page","type-page","status-publish","hentry"],"yoast_head":"<!-- This site is optimized with the Yoast SEO plugin v26.3 - https:\/\/yoast.com\/wordpress\/plugins\/seo\/ -->\n<title>Dani Vojina Komadine \/ Nau\u010dni skup Savremeno i tradicionalno u muzi\u010dkom stvarala\u0161tvu (SITUMS) - \u0414\u0430\u043d\u0438 \u0412\u043e\u0458\u0438\u043d\u0430 \u041a\u043e\u043c\u0430\u0434\u0438\u043d\u0435 (\u0414\u0412\u041a) \/ \u041d\u0430\u0443\u0447\u043d\u0438 \u0441\u043a\u0443\u043f \u0421\u0430\u0432\u0440\u0435\u043c\u0435\u043d\u043e \u0438 \u0442\u0440\u0430\u0434\u0438\u0446\u0438\u043e\u043d\u0430\u043b\u043d\u043e \u0443 \u043c\u0443\u0437\u0438\u0447\u043a\u043e\u043c \u0441\u0442\u0432\u0430\u0440\u0430\u043b\u0430\u0448\u0442\u0432\u0443 (\u0421\u0418\u0422\u0423\u041c\u0421)<\/title>\n<meta name=\"robots\" content=\"index, follow, max-snippet:-1, max-image-preview:large, max-video-preview:-1\" \/>\n<link rel=\"canonical\" href=\"https:\/\/dvk.mak.ues.rs.ba\/index.php\/la\/start-2a\/\" \/>\n<meta property=\"og:locale\" content=\"sr_RS\" \/>\n<meta property=\"og:type\" content=\"article\" \/>\n<meta property=\"og:title\" content=\"Dani Vojina Komadine \/ Nau\u010dni skup Savremeno i tradicionalno u muzi\u010dkom stvarala\u0161tvu (SITUMS) - \u0414\u0430\u043d\u0438 \u0412\u043e\u0458\u0438\u043d\u0430 \u041a\u043e\u043c\u0430\u0434\u0438\u043d\u0435 (\u0414\u0412\u041a) \/ \u041d\u0430\u0443\u0447\u043d\u0438 \u0441\u043a\u0443\u043f \u0421\u0430\u0432\u0440\u0435\u043c\u0435\u043d\u043e \u0438 \u0442\u0440\u0430\u0434\u0438\u0446\u0438\u043e\u043d\u0430\u043b\u043d\u043e \u0443 \u043c\u0443\u0437\u0438\u0447\u043a\u043e\u043c \u0441\u0442\u0432\u0430\u0440\u0430\u043b\u0430\u0448\u0442\u0432\u0443 (\u0421\u0418\u0422\u0423\u041c\u0421)\" \/>\n<meta property=\"og:description\" content=\"Dani Vojina Komadine (DVK) \/ Nau\u010dni skup Savremeno i tradicionalno u muzi\u010dkom stvarala\u0161tvu (SITUMS) Akademik Vojin Komadina, kompozitor (8. novembar 1933 - 9. februar 1997) je jedno od zna\u010dajnijih imena jugoslovenske muzike druge polovine 20. vijeka. Preko \u010detiri decenije bio je aktivno prisutan na jugoslovenskoj muzi\u010dkoj sceni, kako svojim kompozicijama, tako i brojnim anga\u017emanima u&hellip;&nbsp;\u041f\u0440\u043e\u0447\u0438\u0442\u0430\u0458 \u0432\u0438\u0448\u0435 &raquo;Dani Vojina Komadine \/ Nau\u010dni skup Savremeno i tradicionalno u muzi\u010dkom stvarala\u0161tvu (SITUMS)\" \/>\n<meta property=\"og:url\" content=\"https:\/\/dvk.mak.ues.rs.ba\/index.php\/la\/start-2a\/\" \/>\n<meta property=\"og:site_name\" content=\"\u0414\u0430\u043d\u0438 \u0412\u043e\u0458\u0438\u043d\u0430 \u041a\u043e\u043c\u0430\u0434\u0438\u043d\u0435 (\u0414\u0412\u041a) \/ \u041d\u0430\u0443\u0447\u043d\u0438 \u0441\u043a\u0443\u043f \u0421\u0430\u0432\u0440\u0435\u043c\u0435\u043d\u043e \u0438 \u0442\u0440\u0430\u0434\u0438\u0446\u0438\u043e\u043d\u0430\u043b\u043d\u043e \u0443 \u043c\u0443\u0437\u0438\u0447\u043a\u043e\u043c \u0441\u0442\u0432\u0430\u0440\u0430\u043b\u0430\u0448\u0442\u0432\u0443 (\u0421\u0418\u0422\u0423\u041c\u0421)\" \/>\n<meta property=\"article:modified_time\" content=\"2022-11-17T10:47:38+00:00\" \/>\n<meta property=\"og:image\" content=\"https:\/\/dvk.mak.ues.rs.ba\/wp-content\/uploads\/2022\/02\/VK-slika.png\" \/>\n<meta name=\"twitter:card\" content=\"summary_large_image\" \/>\n<meta name=\"twitter:label1\" content=\"\u041f\u0440\u043e\u0446\u0435\u045a\u0435\u043d\u043e \u0432\u0440\u0435\u043c\u0435 \u0447\u0438\u0442\u0430\u045a\u0430\" \/>\n\t<meta name=\"twitter:data1\" content=\"5 \u043c\u0438\u043d\u0443\u0442\u0430\" \/>\n<script type=\"application\/ld+json\" class=\"yoast-schema-graph\">{\"@context\":\"https:\/\/schema.org\",\"@graph\":[{\"@type\":\"WebPage\",\"@id\":\"https:\/\/dvk.mak.ues.rs.ba\/index.php\/la\/start-2a\/\",\"url\":\"https:\/\/dvk.mak.ues.rs.ba\/index.php\/la\/start-2a\/\",\"name\":\"Dani Vojina Komadine \/ Nau\u010dni skup Savremeno i tradicionalno u muzi\u010dkom stvarala\u0161tvu (SITUMS) - \u0414\u0430\u043d\u0438 \u0412\u043e\u0458\u0438\u043d\u0430 \u041a\u043e\u043c\u0430\u0434\u0438\u043d\u0435 (\u0414\u0412\u041a) \/ \u041d\u0430\u0443\u0447\u043d\u0438 \u0441\u043a\u0443\u043f \u0421\u0430\u0432\u0440\u0435\u043c\u0435\u043d\u043e \u0438 \u0442\u0440\u0430\u0434\u0438\u0446\u0438\u043e\u043d\u0430\u043b\u043d\u043e \u0443 \u043c\u0443\u0437\u0438\u0447\u043a\u043e\u043c \u0441\u0442\u0432\u0430\u0440\u0430\u043b\u0430\u0448\u0442\u0432\u0443 (\u0421\u0418\u0422\u0423\u041c\u0421)\",\"isPartOf\":{\"@id\":\"https:\/\/dvk.mak.ues.rs.ba\/#website\"},\"primaryImageOfPage\":{\"@id\":\"https:\/\/dvk.mak.ues.rs.ba\/index.php\/la\/start-2a\/#primaryimage\"},\"image\":{\"@id\":\"https:\/\/dvk.mak.ues.rs.ba\/index.php\/la\/start-2a\/#primaryimage\"},\"thumbnailUrl\":\"https:\/\/dvk.mak.ues.rs.ba\/wp-content\/uploads\/2022\/02\/VK-slika.png\",\"datePublished\":\"2022-02-21T10:51:52+00:00\",\"dateModified\":\"2022-11-17T10:47:38+00:00\",\"breadcrumb\":{\"@id\":\"https:\/\/dvk.mak.ues.rs.ba\/index.php\/la\/start-2a\/#breadcrumb\"},\"inLanguage\":\"sr-RS\",\"potentialAction\":[{\"@type\":\"ReadAction\",\"target\":[\"https:\/\/dvk.mak.ues.rs.ba\/index.php\/la\/start-2a\/\"]}]},{\"@type\":\"ImageObject\",\"inLanguage\":\"sr-RS\",\"@id\":\"https:\/\/dvk.mak.ues.rs.ba\/index.php\/la\/start-2a\/#primaryimage\",\"url\":\"https:\/\/dvk.mak.ues.rs.ba\/wp-content\/uploads\/2022\/02\/VK-slika.png\",\"contentUrl\":\"https:\/\/dvk.mak.ues.rs.ba\/wp-content\/uploads\/2022\/02\/VK-slika.png\",\"width\":869,\"height\":575},{\"@type\":\"BreadcrumbList\",\"@id\":\"https:\/\/dvk.mak.ues.rs.ba\/index.php\/la\/start-2a\/#breadcrumb\",\"itemListElement\":[{\"@type\":\"ListItem\",\"position\":1,\"name\":\"\u041f\u043e\u0447\u0435\u0442\u043d\u0430\",\"item\":\"https:\/\/dvk.mak.ues.rs.ba\/\"},{\"@type\":\"ListItem\",\"position\":2,\"name\":\"Dani Vojina Komadine \/ Nau\u010dni skup Savremeno i tradicionalno u muzi\u010dkom stvarala\u0161tvu (SITUMS)\"}]},{\"@type\":\"WebSite\",\"@id\":\"https:\/\/dvk.mak.ues.rs.ba\/#website\",\"url\":\"https:\/\/dvk.mak.ues.rs.ba\/\",\"name\":\"\u0414\u0430\u043d\u0438 \u0412\u043e\u0458\u0438\u043d\u0430 \u041a\u043e\u043c\u0430\u0434\u0438\u043d\u0435 (\u0414\u0412\u041a) \/ \u041d\u0430\u0443\u0447\u043d\u0438 \u0441\u043a\u0443\u043f \u0421\u0430\u0432\u0440\u0435\u043c\u0435\u043d\u043e \u0438 \u0442\u0440\u0430\u0434\u0438\u0446\u0438\u043e\u043d\u0430\u043b\u043d\u043e \u0443 \u043c\u0443\u0437\u0438\u0447\u043a\u043e\u043c \u0441\u0442\u0432\u0430\u0440\u0430\u043b\u0430\u0448\u0442\u0432\u0443 (\u0421\u0418\u0422\u0423\u041c\u0421)\",\"description\":\"\",\"publisher\":{\"@id\":\"https:\/\/dvk.mak.ues.rs.ba\/#organization\"},\"potentialAction\":[{\"@type\":\"SearchAction\",\"target\":{\"@type\":\"EntryPoint\",\"urlTemplate\":\"https:\/\/dvk.mak.ues.rs.ba\/?s={search_term_string}\"},\"query-input\":{\"@type\":\"PropertyValueSpecification\",\"valueRequired\":true,\"valueName\":\"search_term_string\"}}],\"inLanguage\":\"sr-RS\"},{\"@type\":\"Organization\",\"@id\":\"https:\/\/dvk.mak.ues.rs.ba\/#organization\",\"name\":\"\u0414\u0430\u043d\u0438 \u0412\u043e\u0458\u0438\u043d\u0430 \u041a\u043e\u043c\u0430\u0434\u0438\u043d\u0435 (\u0414\u0412\u041a) \/ \u041d\u0430\u0443\u0447\u043d\u0438 \u0441\u043a\u0443\u043f \u0421\u0430\u0432\u0440\u0435\u043c\u0435\u043d\u043e \u0438 \u0442\u0440\u0430\u0434\u0438\u0446\u0438\u043e\u043d\u0430\u043b\u043d\u043e \u0443 \u043c\u0443\u0437\u0438\u0447\u043a\u043e\u043c \u0441\u0442\u0432\u0430\u0440\u0430\u043b\u0430\u0448\u0442\u0432\u0443 (\u0421\u0418\u0422\u0423\u041c\u0421)\",\"url\":\"https:\/\/dvk.mak.ues.rs.ba\/\",\"logo\":{\"@type\":\"ImageObject\",\"inLanguage\":\"sr-RS\",\"@id\":\"https:\/\/dvk.mak.ues.rs.ba\/#\/schema\/logo\/image\/\",\"url\":\"https:\/\/dvk.mak.ues.rs.ba\/wp-content\/uploads\/2022\/02\/cropped-Logo-DVK-png-e1644406074503.png\",\"contentUrl\":\"https:\/\/dvk.mak.ues.rs.ba\/wp-content\/uploads\/2022\/02\/cropped-Logo-DVK-png-e1644406074503.png\",\"width\":200,\"height\":157,\"caption\":\"\u0414\u0430\u043d\u0438 \u0412\u043e\u0458\u0438\u043d\u0430 \u041a\u043e\u043c\u0430\u0434\u0438\u043d\u0435 (\u0414\u0412\u041a) \/ \u041d\u0430\u0443\u0447\u043d\u0438 \u0441\u043a\u0443\u043f \u0421\u0430\u0432\u0440\u0435\u043c\u0435\u043d\u043e \u0438 \u0442\u0440\u0430\u0434\u0438\u0446\u0438\u043e\u043d\u0430\u043b\u043d\u043e \u0443 \u043c\u0443\u0437\u0438\u0447\u043a\u043e\u043c \u0441\u0442\u0432\u0430\u0440\u0430\u043b\u0430\u0448\u0442\u0432\u0443 (\u0421\u0418\u0422\u0423\u041c\u0421)\"},\"image\":{\"@id\":\"https:\/\/dvk.mak.ues.rs.ba\/#\/schema\/logo\/image\/\"}}]}<\/script>\n<!-- \/ Yoast SEO plugin. -->","yoast_head_json":{"title":"Dani Vojina Komadine \/ Nau\u010dni skup Savremeno i tradicionalno u muzi\u010dkom stvarala\u0161tvu (SITUMS) - \u0414\u0430\u043d\u0438 \u0412\u043e\u0458\u0438\u043d\u0430 \u041a\u043e\u043c\u0430\u0434\u0438\u043d\u0435 (\u0414\u0412\u041a) \/ \u041d\u0430\u0443\u0447\u043d\u0438 \u0441\u043a\u0443\u043f \u0421\u0430\u0432\u0440\u0435\u043c\u0435\u043d\u043e \u0438 \u0442\u0440\u0430\u0434\u0438\u0446\u0438\u043e\u043d\u0430\u043b\u043d\u043e \u0443 \u043c\u0443\u0437\u0438\u0447\u043a\u043e\u043c \u0441\u0442\u0432\u0430\u0440\u0430\u043b\u0430\u0448\u0442\u0432\u0443 (\u0421\u0418\u0422\u0423\u041c\u0421)","robots":{"index":"index","follow":"follow","max-snippet":"max-snippet:-1","max-image-preview":"max-image-preview:large","max-video-preview":"max-video-preview:-1"},"canonical":"https:\/\/dvk.mak.ues.rs.ba\/index.php\/la\/start-2a\/","og_locale":"sr_RS","og_type":"article","og_title":"Dani Vojina Komadine \/ Nau\u010dni skup Savremeno i tradicionalno u muzi\u010dkom stvarala\u0161tvu (SITUMS) - \u0414\u0430\u043d\u0438 \u0412\u043e\u0458\u0438\u043d\u0430 \u041a\u043e\u043c\u0430\u0434\u0438\u043d\u0435 (\u0414\u0412\u041a) \/ \u041d\u0430\u0443\u0447\u043d\u0438 \u0441\u043a\u0443\u043f \u0421\u0430\u0432\u0440\u0435\u043c\u0435\u043d\u043e \u0438 \u0442\u0440\u0430\u0434\u0438\u0446\u0438\u043e\u043d\u0430\u043b\u043d\u043e \u0443 \u043c\u0443\u0437\u0438\u0447\u043a\u043e\u043c \u0441\u0442\u0432\u0430\u0440\u0430\u043b\u0430\u0448\u0442\u0432\u0443 (\u0421\u0418\u0422\u0423\u041c\u0421)","og_description":"Dani Vojina Komadine (DVK) \/ Nau\u010dni skup Savremeno i tradicionalno u muzi\u010dkom stvarala\u0161tvu (SITUMS) Akademik Vojin Komadina, kompozitor (8. novembar 1933 - 9. februar 1997) je jedno od zna\u010dajnijih imena jugoslovenske muzike druge polovine 20. vijeka. Preko \u010detiri decenije bio je aktivno prisutan na jugoslovenskoj muzi\u010dkoj sceni, kako svojim kompozicijama, tako i brojnim anga\u017emanima u&hellip;&nbsp;\u041f\u0440\u043e\u0447\u0438\u0442\u0430\u0458 \u0432\u0438\u0448\u0435 &raquo;Dani Vojina Komadine \/ Nau\u010dni skup Savremeno i tradicionalno u muzi\u010dkom stvarala\u0161tvu (SITUMS)","og_url":"https:\/\/dvk.mak.ues.rs.ba\/index.php\/la\/start-2a\/","og_site_name":"\u0414\u0430\u043d\u0438 \u0412\u043e\u0458\u0438\u043d\u0430 \u041a\u043e\u043c\u0430\u0434\u0438\u043d\u0435 (\u0414\u0412\u041a) \/ \u041d\u0430\u0443\u0447\u043d\u0438 \u0441\u043a\u0443\u043f \u0421\u0430\u0432\u0440\u0435\u043c\u0435\u043d\u043e \u0438 \u0442\u0440\u0430\u0434\u0438\u0446\u0438\u043e\u043d\u0430\u043b\u043d\u043e \u0443 \u043c\u0443\u0437\u0438\u0447\u043a\u043e\u043c \u0441\u0442\u0432\u0430\u0440\u0430\u043b\u0430\u0448\u0442\u0432\u0443 (\u0421\u0418\u0422\u0423\u041c\u0421)","article_modified_time":"2022-11-17T10:47:38+00:00","og_image":[{"url":"https:\/\/dvk.mak.ues.rs.ba\/wp-content\/uploads\/2022\/02\/VK-slika.png","type":"","width":"","height":""}],"twitter_card":"summary_large_image","twitter_misc":{"\u041f\u0440\u043e\u0446\u0435\u045a\u0435\u043d\u043e \u0432\u0440\u0435\u043c\u0435 \u0447\u0438\u0442\u0430\u045a\u0430":"5 \u043c\u0438\u043d\u0443\u0442\u0430"},"schema":{"@context":"https:\/\/schema.org","@graph":[{"@type":"WebPage","@id":"https:\/\/dvk.mak.ues.rs.ba\/index.php\/la\/start-2a\/","url":"https:\/\/dvk.mak.ues.rs.ba\/index.php\/la\/start-2a\/","name":"Dani Vojina Komadine \/ Nau\u010dni skup Savremeno i tradicionalno u muzi\u010dkom stvarala\u0161tvu (SITUMS) - \u0414\u0430\u043d\u0438 \u0412\u043e\u0458\u0438\u043d\u0430 \u041a\u043e\u043c\u0430\u0434\u0438\u043d\u0435 (\u0414\u0412\u041a) \/ \u041d\u0430\u0443\u0447\u043d\u0438 \u0441\u043a\u0443\u043f \u0421\u0430\u0432\u0440\u0435\u043c\u0435\u043d\u043e \u0438 \u0442\u0440\u0430\u0434\u0438\u0446\u0438\u043e\u043d\u0430\u043b\u043d\u043e \u0443 \u043c\u0443\u0437\u0438\u0447\u043a\u043e\u043c \u0441\u0442\u0432\u0430\u0440\u0430\u043b\u0430\u0448\u0442\u0432\u0443 (\u0421\u0418\u0422\u0423\u041c\u0421)","isPartOf":{"@id":"https:\/\/dvk.mak.ues.rs.ba\/#website"},"primaryImageOfPage":{"@id":"https:\/\/dvk.mak.ues.rs.ba\/index.php\/la\/start-2a\/#primaryimage"},"image":{"@id":"https:\/\/dvk.mak.ues.rs.ba\/index.php\/la\/start-2a\/#primaryimage"},"thumbnailUrl":"https:\/\/dvk.mak.ues.rs.ba\/wp-content\/uploads\/2022\/02\/VK-slika.png","datePublished":"2022-02-21T10:51:52+00:00","dateModified":"2022-11-17T10:47:38+00:00","breadcrumb":{"@id":"https:\/\/dvk.mak.ues.rs.ba\/index.php\/la\/start-2a\/#breadcrumb"},"inLanguage":"sr-RS","potentialAction":[{"@type":"ReadAction","target":["https:\/\/dvk.mak.ues.rs.ba\/index.php\/la\/start-2a\/"]}]},{"@type":"ImageObject","inLanguage":"sr-RS","@id":"https:\/\/dvk.mak.ues.rs.ba\/index.php\/la\/start-2a\/#primaryimage","url":"https:\/\/dvk.mak.ues.rs.ba\/wp-content\/uploads\/2022\/02\/VK-slika.png","contentUrl":"https:\/\/dvk.mak.ues.rs.ba\/wp-content\/uploads\/2022\/02\/VK-slika.png","width":869,"height":575},{"@type":"BreadcrumbList","@id":"https:\/\/dvk.mak.ues.rs.ba\/index.php\/la\/start-2a\/#breadcrumb","itemListElement":[{"@type":"ListItem","position":1,"name":"\u041f\u043e\u0447\u0435\u0442\u043d\u0430","item":"https:\/\/dvk.mak.ues.rs.ba\/"},{"@type":"ListItem","position":2,"name":"Dani Vojina Komadine \/ Nau\u010dni skup Savremeno i tradicionalno u muzi\u010dkom stvarala\u0161tvu (SITUMS)"}]},{"@type":"WebSite","@id":"https:\/\/dvk.mak.ues.rs.ba\/#website","url":"https:\/\/dvk.mak.ues.rs.ba\/","name":"\u0414\u0430\u043d\u0438 \u0412\u043e\u0458\u0438\u043d\u0430 \u041a\u043e\u043c\u0430\u0434\u0438\u043d\u0435 (\u0414\u0412\u041a) \/ \u041d\u0430\u0443\u0447\u043d\u0438 \u0441\u043a\u0443\u043f \u0421\u0430\u0432\u0440\u0435\u043c\u0435\u043d\u043e \u0438 \u0442\u0440\u0430\u0434\u0438\u0446\u0438\u043e\u043d\u0430\u043b\u043d\u043e \u0443 \u043c\u0443\u0437\u0438\u0447\u043a\u043e\u043c \u0441\u0442\u0432\u0430\u0440\u0430\u043b\u0430\u0448\u0442\u0432\u0443 (\u0421\u0418\u0422\u0423\u041c\u0421)","description":"","publisher":{"@id":"https:\/\/dvk.mak.ues.rs.ba\/#organization"},"potentialAction":[{"@type":"SearchAction","target":{"@type":"EntryPoint","urlTemplate":"https:\/\/dvk.mak.ues.rs.ba\/?s={search_term_string}"},"query-input":{"@type":"PropertyValueSpecification","valueRequired":true,"valueName":"search_term_string"}}],"inLanguage":"sr-RS"},{"@type":"Organization","@id":"https:\/\/dvk.mak.ues.rs.ba\/#organization","name":"\u0414\u0430\u043d\u0438 \u0412\u043e\u0458\u0438\u043d\u0430 \u041a\u043e\u043c\u0430\u0434\u0438\u043d\u0435 (\u0414\u0412\u041a) \/ \u041d\u0430\u0443\u0447\u043d\u0438 \u0441\u043a\u0443\u043f \u0421\u0430\u0432\u0440\u0435\u043c\u0435\u043d\u043e \u0438 \u0442\u0440\u0430\u0434\u0438\u0446\u0438\u043e\u043d\u0430\u043b\u043d\u043e \u0443 \u043c\u0443\u0437\u0438\u0447\u043a\u043e\u043c \u0441\u0442\u0432\u0430\u0440\u0430\u043b\u0430\u0448\u0442\u0432\u0443 (\u0421\u0418\u0422\u0423\u041c\u0421)","url":"https:\/\/dvk.mak.ues.rs.ba\/","logo":{"@type":"ImageObject","inLanguage":"sr-RS","@id":"https:\/\/dvk.mak.ues.rs.ba\/#\/schema\/logo\/image\/","url":"https:\/\/dvk.mak.ues.rs.ba\/wp-content\/uploads\/2022\/02\/cropped-Logo-DVK-png-e1644406074503.png","contentUrl":"https:\/\/dvk.mak.ues.rs.ba\/wp-content\/uploads\/2022\/02\/cropped-Logo-DVK-png-e1644406074503.png","width":200,"height":157,"caption":"\u0414\u0430\u043d\u0438 \u0412\u043e\u0458\u0438\u043d\u0430 \u041a\u043e\u043c\u0430\u0434\u0438\u043d\u0435 (\u0414\u0412\u041a) \/ \u041d\u0430\u0443\u0447\u043d\u0438 \u0441\u043a\u0443\u043f \u0421\u0430\u0432\u0440\u0435\u043c\u0435\u043d\u043e \u0438 \u0442\u0440\u0430\u0434\u0438\u0446\u0438\u043e\u043d\u0430\u043b\u043d\u043e \u0443 \u043c\u0443\u0437\u0438\u0447\u043a\u043e\u043c \u0441\u0442\u0432\u0430\u0440\u0430\u043b\u0430\u0448\u0442\u0432\u0443 (\u0421\u0418\u0422\u0423\u041c\u0421)"},"image":{"@id":"https:\/\/dvk.mak.ues.rs.ba\/#\/schema\/logo\/image\/"}}]}},"_links":{"self":[{"href":"https:\/\/dvk.mak.ues.rs.ba\/index.php\/wp-json\/wp\/v2\/pages\/832","targetHints":{"allow":["GET"]}}],"collection":[{"href":"https:\/\/dvk.mak.ues.rs.ba\/index.php\/wp-json\/wp\/v2\/pages"}],"about":[{"href":"https:\/\/dvk.mak.ues.rs.ba\/index.php\/wp-json\/wp\/v2\/types\/page"}],"author":[{"embeddable":true,"href":"https:\/\/dvk.mak.ues.rs.ba\/index.php\/wp-json\/wp\/v2\/users\/1"}],"replies":[{"embeddable":true,"href":"https:\/\/dvk.mak.ues.rs.ba\/index.php\/wp-json\/wp\/v2\/comments?post=832"}],"version-history":[{"count":12,"href":"https:\/\/dvk.mak.ues.rs.ba\/index.php\/wp-json\/wp\/v2\/pages\/832\/revisions"}],"predecessor-version":[{"id":1421,"href":"https:\/\/dvk.mak.ues.rs.ba\/index.php\/wp-json\/wp\/v2\/pages\/832\/revisions\/1421"}],"wp:attachment":[{"href":"https:\/\/dvk.mak.ues.rs.ba\/index.php\/wp-json\/wp\/v2\/media?parent=832"}],"curies":[{"name":"wp","href":"https:\/\/api.w.org\/{rel}","templated":true}]}}