{"id":837,"date":"2022-02-21T11:59:05","date_gmt":"2022-02-21T10:59:05","guid":{"rendered":"https:\/\/dvk.mak.ues.rs.ba\/?page_id=837"},"modified":"2025-12-07T19:52:26","modified_gmt":"2025-12-07T18:52:26","slug":"naucni-skup-situms-2","status":"publish","type":"page","link":"https:\/\/dvk.mak.ues.rs.ba\/index.php\/la\/naucni-skup-situms-2\/","title":{"rendered":"Nau\u010dni skup SITUMS"},"content":{"rendered":"\n<p><\/p>\n\n\n\n<p><\/p>\n\n\n\n<p><\/p>\n\n\n\n<p class=\"has-luminous-vivid-orange-color has-text-color\">VII nau\u010dni skup Savremeno i tradicionalno u muzi\u010dkom stvarala\u0161tvu (11-13. decembar 2025) <strong>&#8211; <a href=\"https:\/\/dvk.mak.ues.rs.ba\/index.php\/la\/vii-naucni-skup-savremeno-i-tradicionalno-u-muzickom-stvaralastvu-11-13-decembar-2025-2\/\">Klik!<\/a><\/strong><\/p>\n\n\n\n<p class=\"has-luminous-vivid-orange-color has-text-color\">VI nau\u010dni skup Savremeno i tradicionalno u muzi\u010dkom stvarala\u0161tvu (12-14. decembar 2024) <strong>&#8211; <a href=\"https:\/\/dvk.mak.ues.rs.ba\/index.php\/la\/vi-naucni-skup-savremeno-i-tradicionalno-u-muzickom-stvaralastvu-12-14-decembar-2024-2\/\">Klik!<\/a><\/strong><\/p>\n\n\n\n<p class=\"has-luminous-vivid-orange-color has-text-color\">V nau\u010dni skup Savremeno i tradicionalno u muzi\u010dkom stvarala\u0161tvu (13-16. decembar 2023) <strong>&#8211;<a href=\"https:\/\/dvk.mak.ues.rs.ba\/index.php\/la\/v-naucni-skup-savremeno-i-tradicionalno-u-muzickom-stvaralastvu\/\"> Klik!<\/a><\/strong><\/p>\n\n\n\n<p class=\"has-luminous-vivid-orange-color has-text-color\">IV nau\u010dni skup Savremeno i tradicionalno u muzi\u010dkom stvarala\u0161tvu (15-17. decembar 2022) <strong><a href=\"https:\/\/dvk.mak.ues.rs.ba\/index.php\/la\/iv-naucni-skup-savremeno-i-tradicionalno-u-muzickom-stvaralastvu-15-17-decembar-2022-2\/\">&#8211; Klik!<\/a><\/strong><\/p>\n\n\n\n<p class=\"has-luminous-vivid-orange-color has-text-color\">III nau\u010dni skup Savremeno i tradicionalno u muzi\u010dkom stvarala\u0161tvu (9-11. decembar 2021) <strong><a href=\"https:\/\/dvk.mak.ues.rs.ba\/index.php\/la\/iii-naucni-skup-savremeno-i-tradicionalno-u-muzickom-stvaralastvu-9-11-decembar-2021-2\/\">&#8211; Klik!<\/a><\/strong><\/p>\n\n\n\n<p class=\"has-luminous-vivid-orange-color has-text-color\">II nau\u010dni skup Savremeno i tradicionalno u muzi\u010dkom stvarala\u0161tvu (10-12. decembar 2020) <strong><a href=\"https:\/\/dvk.mak.ues.rs.ba\/index.php\/la\/ii-naucni-skup-savremeno-i-tradicionalno-u-muzickom-stvaralastvu-10-12-decembar-2020-2\/\">&#8211; Klik!<\/a><\/strong><\/p>\n\n\n\n<p class=\"has-luminous-vivid-orange-color has-text-color\">I nau\u010dni skup Savremeno i tradicionalno u muzi\u010dkom stvarala\u0161tvu (13-14. decembar 2019) <strong><a href=\"https:\/\/dvk.mak.ues.rs.ba\/index.php\/la\/i-naucni-skup-savremeno-i-tradicionalno-u-muzickom-stvaralastvu-13-14-decembar-2019-2\/\">&#8211; Klik!<\/a><\/strong><\/p>\n\n\n\n<p><\/p>\n","protected":false},"excerpt":{"rendered":"<p>VII nau\u010dni skup Savremeno i tradicionalno u muzi\u010dkom stvarala\u0161tvu (11-13. decembar 2025) &#8211; Klik! VI nau\u010dni skup Savremeno i tradicionalno u muzi\u010dkom stvarala\u0161tvu (12-14. decembar 2024) &#8211; Klik! V nau\u010dni skup Savremeno i tradicionalno u muzi\u010dkom stvarala\u0161tvu (13-16. decembar 2023) &#8211; Klik! IV nau\u010dni skup Savremeno i tradicionalno u muzi\u010dkom stvarala\u0161tvu (15-17. decembar 2022) &#8211;&hellip;&nbsp;<a href=\"https:\/\/dvk.mak.ues.rs.ba\/index.php\/la\/naucni-skup-situms-2\/\" rel=\"bookmark\">\u041f\u0440\u043e\u0447\u0438\u0442\u0430\u0458 \u0432\u0438\u0448\u0435 &raquo;<span class=\"screen-reader-text\">Nau\u010dni skup SITUMS<\/span><\/a><\/p>\n","protected":false},"author":1,"featured_media":0,"parent":0,"menu_order":0,"comment_status":"closed","ping_status":"closed","template":"","meta":{"_monsterinsights_skip_tracking":false,"_monsterinsights_sitenote_active":false,"_monsterinsights_sitenote_note":"","_monsterinsights_sitenote_category":0,"neve_meta_sidebar":"","neve_meta_container":"","neve_meta_enable_content_width":"","neve_meta_content_width":0,"neve_meta_title_alignment":"","neve_meta_author_avatar":"","neve_post_elements_order":"","neve_meta_disable_header":"","neve_meta_disable_footer":"","neve_meta_disable_title":"","footnotes":""},"class_list":["post-837","page","type-page","status-publish","hentry"],"yoast_head":"<!-- This site is optimized with the Yoast SEO plugin v26.3 - https:\/\/yoast.com\/wordpress\/plugins\/seo\/ -->\n<title>Nau\u010dni skup SITUMS - \u0414\u0430\u043d\u0438 \u0412\u043e\u0458\u0438\u043d\u0430 \u041a\u043e\u043c\u0430\u0434\u0438\u043d\u0435 (\u0414\u0412\u041a) \/ \u041d\u0430\u0443\u0447\u043d\u0438 \u0441\u043a\u0443\u043f \u0421\u0430\u0432\u0440\u0435\u043c\u0435\u043d\u043e \u0438 \u0442\u0440\u0430\u0434\u0438\u0446\u0438\u043e\u043d\u0430\u043b\u043d\u043e \u0443 \u043c\u0443\u0437\u0438\u0447\u043a\u043e\u043c \u0441\u0442\u0432\u0430\u0440\u0430\u043b\u0430\u0448\u0442\u0432\u0443 (\u0421\u0418\u0422\u0423\u041c\u0421)<\/title>\n<meta name=\"robots\" content=\"index, follow, max-snippet:-1, max-image-preview:large, max-video-preview:-1\" \/>\n<link rel=\"canonical\" href=\"https:\/\/dvk.mak.ues.rs.ba\/index.php\/la\/naucni-skup-situms-2\/\" \/>\n<meta property=\"og:locale\" content=\"sr_RS\" \/>\n<meta property=\"og:type\" content=\"article\" \/>\n<meta property=\"og:title\" content=\"Nau\u010dni skup SITUMS - \u0414\u0430\u043d\u0438 \u0412\u043e\u0458\u0438\u043d\u0430 \u041a\u043e\u043c\u0430\u0434\u0438\u043d\u0435 (\u0414\u0412\u041a) \/ \u041d\u0430\u0443\u0447\u043d\u0438 \u0441\u043a\u0443\u043f \u0421\u0430\u0432\u0440\u0435\u043c\u0435\u043d\u043e \u0438 \u0442\u0440\u0430\u0434\u0438\u0446\u0438\u043e\u043d\u0430\u043b\u043d\u043e \u0443 \u043c\u0443\u0437\u0438\u0447\u043a\u043e\u043c \u0441\u0442\u0432\u0430\u0440\u0430\u043b\u0430\u0448\u0442\u0432\u0443 (\u0421\u0418\u0422\u0423\u041c\u0421)\" \/>\n<meta property=\"og:description\" content=\"VII nau\u010dni skup Savremeno i tradicionalno u muzi\u010dkom stvarala\u0161tvu (11-13. decembar 2025) &#8211; Klik! VI nau\u010dni skup Savremeno i tradicionalno u muzi\u010dkom stvarala\u0161tvu (12-14. decembar 2024) &#8211; Klik! V nau\u010dni skup Savremeno i tradicionalno u muzi\u010dkom stvarala\u0161tvu (13-16. decembar 2023) &#8211; Klik! IV nau\u010dni skup Savremeno i tradicionalno u muzi\u010dkom stvarala\u0161tvu (15-17. decembar 2022) &#8211;&hellip;&nbsp;\u041f\u0440\u043e\u0447\u0438\u0442\u0430\u0458 \u0432\u0438\u0448\u0435 &raquo;Nau\u010dni skup SITUMS\" \/>\n<meta property=\"og:url\" content=\"https:\/\/dvk.mak.ues.rs.ba\/index.php\/la\/naucni-skup-situms-2\/\" \/>\n<meta property=\"og:site_name\" content=\"\u0414\u0430\u043d\u0438 \u0412\u043e\u0458\u0438\u043d\u0430 \u041a\u043e\u043c\u0430\u0434\u0438\u043d\u0435 (\u0414\u0412\u041a) \/ \u041d\u0430\u0443\u0447\u043d\u0438 \u0441\u043a\u0443\u043f \u0421\u0430\u0432\u0440\u0435\u043c\u0435\u043d\u043e \u0438 \u0442\u0440\u0430\u0434\u0438\u0446\u0438\u043e\u043d\u0430\u043b\u043d\u043e \u0443 \u043c\u0443\u0437\u0438\u0447\u043a\u043e\u043c \u0441\u0442\u0432\u0430\u0440\u0430\u043b\u0430\u0448\u0442\u0432\u0443 (\u0421\u0418\u0422\u0423\u041c\u0421)\" \/>\n<meta property=\"article:modified_time\" content=\"2025-12-07T18:52:26+00:00\" \/>\n<meta name=\"twitter:card\" content=\"summary_large_image\" \/>\n<meta name=\"twitter:label1\" content=\"\u041f\u0440\u043e\u0446\u0435\u045a\u0435\u043d\u043e \u0432\u0440\u0435\u043c\u0435 \u0447\u0438\u0442\u0430\u045a\u0430\" \/>\n\t<meta name=\"twitter:data1\" content=\"1 \u043c\u0438\u043d\u0443\u0442\" \/>\n<script type=\"application\/ld+json\" class=\"yoast-schema-graph\">{\"@context\":\"https:\/\/schema.org\",\"@graph\":[{\"@type\":\"WebPage\",\"@id\":\"https:\/\/dvk.mak.ues.rs.ba\/index.php\/la\/naucni-skup-situms-2\/\",\"url\":\"https:\/\/dvk.mak.ues.rs.ba\/index.php\/la\/naucni-skup-situms-2\/\",\"name\":\"Nau\u010dni skup SITUMS - \u0414\u0430\u043d\u0438 \u0412\u043e\u0458\u0438\u043d\u0430 \u041a\u043e\u043c\u0430\u0434\u0438\u043d\u0435 (\u0414\u0412\u041a) \/ \u041d\u0430\u0443\u0447\u043d\u0438 \u0441\u043a\u0443\u043f \u0421\u0430\u0432\u0440\u0435\u043c\u0435\u043d\u043e \u0438 \u0442\u0440\u0430\u0434\u0438\u0446\u0438\u043e\u043d\u0430\u043b\u043d\u043e \u0443 \u043c\u0443\u0437\u0438\u0447\u043a\u043e\u043c \u0441\u0442\u0432\u0430\u0440\u0430\u043b\u0430\u0448\u0442\u0432\u0443 (\u0421\u0418\u0422\u0423\u041c\u0421)\",\"isPartOf\":{\"@id\":\"https:\/\/dvk.mak.ues.rs.ba\/#website\"},\"datePublished\":\"2022-02-21T10:59:05+00:00\",\"dateModified\":\"2025-12-07T18:52:26+00:00\",\"breadcrumb\":{\"@id\":\"https:\/\/dvk.mak.ues.rs.ba\/index.php\/la\/naucni-skup-situms-2\/#breadcrumb\"},\"inLanguage\":\"sr-RS\",\"potentialAction\":[{\"@type\":\"ReadAction\",\"target\":[\"https:\/\/dvk.mak.ues.rs.ba\/index.php\/la\/naucni-skup-situms-2\/\"]}]},{\"@type\":\"BreadcrumbList\",\"@id\":\"https:\/\/dvk.mak.ues.rs.ba\/index.php\/la\/naucni-skup-situms-2\/#breadcrumb\",\"itemListElement\":[{\"@type\":\"ListItem\",\"position\":1,\"name\":\"\u041f\u043e\u0447\u0435\u0442\u043d\u0430\",\"item\":\"https:\/\/dvk.mak.ues.rs.ba\/\"},{\"@type\":\"ListItem\",\"position\":2,\"name\":\"Nau\u010dni skup SITUMS\"}]},{\"@type\":\"WebSite\",\"@id\":\"https:\/\/dvk.mak.ues.rs.ba\/#website\",\"url\":\"https:\/\/dvk.mak.ues.rs.ba\/\",\"name\":\"\u0414\u0430\u043d\u0438 \u0412\u043e\u0458\u0438\u043d\u0430 \u041a\u043e\u043c\u0430\u0434\u0438\u043d\u0435 (\u0414\u0412\u041a) \/ \u041d\u0430\u0443\u0447\u043d\u0438 \u0441\u043a\u0443\u043f \u0421\u0430\u0432\u0440\u0435\u043c\u0435\u043d\u043e \u0438 \u0442\u0440\u0430\u0434\u0438\u0446\u0438\u043e\u043d\u0430\u043b\u043d\u043e \u0443 \u043c\u0443\u0437\u0438\u0447\u043a\u043e\u043c \u0441\u0442\u0432\u0430\u0440\u0430\u043b\u0430\u0448\u0442\u0432\u0443 (\u0421\u0418\u0422\u0423\u041c\u0421)\",\"description\":\"\",\"publisher\":{\"@id\":\"https:\/\/dvk.mak.ues.rs.ba\/#organization\"},\"potentialAction\":[{\"@type\":\"SearchAction\",\"target\":{\"@type\":\"EntryPoint\",\"urlTemplate\":\"https:\/\/dvk.mak.ues.rs.ba\/?s={search_term_string}\"},\"query-input\":{\"@type\":\"PropertyValueSpecification\",\"valueRequired\":true,\"valueName\":\"search_term_string\"}}],\"inLanguage\":\"sr-RS\"},{\"@type\":\"Organization\",\"@id\":\"https:\/\/dvk.mak.ues.rs.ba\/#organization\",\"name\":\"\u0414\u0430\u043d\u0438 \u0412\u043e\u0458\u0438\u043d\u0430 \u041a\u043e\u043c\u0430\u0434\u0438\u043d\u0435 (\u0414\u0412\u041a) \/ \u041d\u0430\u0443\u0447\u043d\u0438 \u0441\u043a\u0443\u043f \u0421\u0430\u0432\u0440\u0435\u043c\u0435\u043d\u043e \u0438 \u0442\u0440\u0430\u0434\u0438\u0446\u0438\u043e\u043d\u0430\u043b\u043d\u043e \u0443 \u043c\u0443\u0437\u0438\u0447\u043a\u043e\u043c \u0441\u0442\u0432\u0430\u0440\u0430\u043b\u0430\u0448\u0442\u0432\u0443 (\u0421\u0418\u0422\u0423\u041c\u0421)\",\"url\":\"https:\/\/dvk.mak.ues.rs.ba\/\",\"logo\":{\"@type\":\"ImageObject\",\"inLanguage\":\"sr-RS\",\"@id\":\"https:\/\/dvk.mak.ues.rs.ba\/#\/schema\/logo\/image\/\",\"url\":\"https:\/\/dvk.mak.ues.rs.ba\/wp-content\/uploads\/2022\/02\/cropped-Logo-DVK-png-e1644406074503.png\",\"contentUrl\":\"https:\/\/dvk.mak.ues.rs.ba\/wp-content\/uploads\/2022\/02\/cropped-Logo-DVK-png-e1644406074503.png\",\"width\":200,\"height\":157,\"caption\":\"\u0414\u0430\u043d\u0438 \u0412\u043e\u0458\u0438\u043d\u0430 \u041a\u043e\u043c\u0430\u0434\u0438\u043d\u0435 (\u0414\u0412\u041a) \/ \u041d\u0430\u0443\u0447\u043d\u0438 \u0441\u043a\u0443\u043f \u0421\u0430\u0432\u0440\u0435\u043c\u0435\u043d\u043e \u0438 \u0442\u0440\u0430\u0434\u0438\u0446\u0438\u043e\u043d\u0430\u043b\u043d\u043e \u0443 \u043c\u0443\u0437\u0438\u0447\u043a\u043e\u043c \u0441\u0442\u0432\u0430\u0440\u0430\u043b\u0430\u0448\u0442\u0432\u0443 (\u0421\u0418\u0422\u0423\u041c\u0421)\"},\"image\":{\"@id\":\"https:\/\/dvk.mak.ues.rs.ba\/#\/schema\/logo\/image\/\"}}]}<\/script>\n<!-- \/ Yoast SEO plugin. -->","yoast_head_json":{"title":"Nau\u010dni skup SITUMS - \u0414\u0430\u043d\u0438 \u0412\u043e\u0458\u0438\u043d\u0430 \u041a\u043e\u043c\u0430\u0434\u0438\u043d\u0435 (\u0414\u0412\u041a) \/ \u041d\u0430\u0443\u0447\u043d\u0438 \u0441\u043a\u0443\u043f \u0421\u0430\u0432\u0440\u0435\u043c\u0435\u043d\u043e \u0438 \u0442\u0440\u0430\u0434\u0438\u0446\u0438\u043e\u043d\u0430\u043b\u043d\u043e \u0443 \u043c\u0443\u0437\u0438\u0447\u043a\u043e\u043c \u0441\u0442\u0432\u0430\u0440\u0430\u043b\u0430\u0448\u0442\u0432\u0443 (\u0421\u0418\u0422\u0423\u041c\u0421)","robots":{"index":"index","follow":"follow","max-snippet":"max-snippet:-1","max-image-preview":"max-image-preview:large","max-video-preview":"max-video-preview:-1"},"canonical":"https:\/\/dvk.mak.ues.rs.ba\/index.php\/la\/naucni-skup-situms-2\/","og_locale":"sr_RS","og_type":"article","og_title":"Nau\u010dni skup SITUMS - \u0414\u0430\u043d\u0438 \u0412\u043e\u0458\u0438\u043d\u0430 \u041a\u043e\u043c\u0430\u0434\u0438\u043d\u0435 (\u0414\u0412\u041a) \/ \u041d\u0430\u0443\u0447\u043d\u0438 \u0441\u043a\u0443\u043f \u0421\u0430\u0432\u0440\u0435\u043c\u0435\u043d\u043e \u0438 \u0442\u0440\u0430\u0434\u0438\u0446\u0438\u043e\u043d\u0430\u043b\u043d\u043e \u0443 \u043c\u0443\u0437\u0438\u0447\u043a\u043e\u043c \u0441\u0442\u0432\u0430\u0440\u0430\u043b\u0430\u0448\u0442\u0432\u0443 (\u0421\u0418\u0422\u0423\u041c\u0421)","og_description":"VII nau\u010dni skup Savremeno i tradicionalno u muzi\u010dkom stvarala\u0161tvu (11-13. decembar 2025) &#8211; Klik! VI nau\u010dni skup Savremeno i tradicionalno u muzi\u010dkom stvarala\u0161tvu (12-14. decembar 2024) &#8211; Klik! V nau\u010dni skup Savremeno i tradicionalno u muzi\u010dkom stvarala\u0161tvu (13-16. decembar 2023) &#8211; Klik! IV nau\u010dni skup Savremeno i tradicionalno u muzi\u010dkom stvarala\u0161tvu (15-17. decembar 2022) &#8211;&hellip;&nbsp;\u041f\u0440\u043e\u0447\u0438\u0442\u0430\u0458 \u0432\u0438\u0448\u0435 &raquo;Nau\u010dni skup SITUMS","og_url":"https:\/\/dvk.mak.ues.rs.ba\/index.php\/la\/naucni-skup-situms-2\/","og_site_name":"\u0414\u0430\u043d\u0438 \u0412\u043e\u0458\u0438\u043d\u0430 \u041a\u043e\u043c\u0430\u0434\u0438\u043d\u0435 (\u0414\u0412\u041a) \/ \u041d\u0430\u0443\u0447\u043d\u0438 \u0441\u043a\u0443\u043f \u0421\u0430\u0432\u0440\u0435\u043c\u0435\u043d\u043e \u0438 \u0442\u0440\u0430\u0434\u0438\u0446\u0438\u043e\u043d\u0430\u043b\u043d\u043e \u0443 \u043c\u0443\u0437\u0438\u0447\u043a\u043e\u043c \u0441\u0442\u0432\u0430\u0440\u0430\u043b\u0430\u0448\u0442\u0432\u0443 (\u0421\u0418\u0422\u0423\u041c\u0421)","article_modified_time":"2025-12-07T18:52:26+00:00","twitter_card":"summary_large_image","twitter_misc":{"\u041f\u0440\u043e\u0446\u0435\u045a\u0435\u043d\u043e \u0432\u0440\u0435\u043c\u0435 \u0447\u0438\u0442\u0430\u045a\u0430":"1 \u043c\u0438\u043d\u0443\u0442"},"schema":{"@context":"https:\/\/schema.org","@graph":[{"@type":"WebPage","@id":"https:\/\/dvk.mak.ues.rs.ba\/index.php\/la\/naucni-skup-situms-2\/","url":"https:\/\/dvk.mak.ues.rs.ba\/index.php\/la\/naucni-skup-situms-2\/","name":"Nau\u010dni skup SITUMS - \u0414\u0430\u043d\u0438 \u0412\u043e\u0458\u0438\u043d\u0430 \u041a\u043e\u043c\u0430\u0434\u0438\u043d\u0435 (\u0414\u0412\u041a) \/ \u041d\u0430\u0443\u0447\u043d\u0438 \u0441\u043a\u0443\u043f \u0421\u0430\u0432\u0440\u0435\u043c\u0435\u043d\u043e \u0438 \u0442\u0440\u0430\u0434\u0438\u0446\u0438\u043e\u043d\u0430\u043b\u043d\u043e \u0443 \u043c\u0443\u0437\u0438\u0447\u043a\u043e\u043c \u0441\u0442\u0432\u0430\u0440\u0430\u043b\u0430\u0448\u0442\u0432\u0443 (\u0421\u0418\u0422\u0423\u041c\u0421)","isPartOf":{"@id":"https:\/\/dvk.mak.ues.rs.ba\/#website"},"datePublished":"2022-02-21T10:59:05+00:00","dateModified":"2025-12-07T18:52:26+00:00","breadcrumb":{"@id":"https:\/\/dvk.mak.ues.rs.ba\/index.php\/la\/naucni-skup-situms-2\/#breadcrumb"},"inLanguage":"sr-RS","potentialAction":[{"@type":"ReadAction","target":["https:\/\/dvk.mak.ues.rs.ba\/index.php\/la\/naucni-skup-situms-2\/"]}]},{"@type":"BreadcrumbList","@id":"https:\/\/dvk.mak.ues.rs.ba\/index.php\/la\/naucni-skup-situms-2\/#breadcrumb","itemListElement":[{"@type":"ListItem","position":1,"name":"\u041f\u043e\u0447\u0435\u0442\u043d\u0430","item":"https:\/\/dvk.mak.ues.rs.ba\/"},{"@type":"ListItem","position":2,"name":"Nau\u010dni skup SITUMS"}]},{"@type":"WebSite","@id":"https:\/\/dvk.mak.ues.rs.ba\/#website","url":"https:\/\/dvk.mak.ues.rs.ba\/","name":"\u0414\u0430\u043d\u0438 \u0412\u043e\u0458\u0438\u043d\u0430 \u041a\u043e\u043c\u0430\u0434\u0438\u043d\u0435 (\u0414\u0412\u041a) \/ \u041d\u0430\u0443\u0447\u043d\u0438 \u0441\u043a\u0443\u043f \u0421\u0430\u0432\u0440\u0435\u043c\u0435\u043d\u043e \u0438 \u0442\u0440\u0430\u0434\u0438\u0446\u0438\u043e\u043d\u0430\u043b\u043d\u043e \u0443 \u043c\u0443\u0437\u0438\u0447\u043a\u043e\u043c \u0441\u0442\u0432\u0430\u0440\u0430\u043b\u0430\u0448\u0442\u0432\u0443 (\u0421\u0418\u0422\u0423\u041c\u0421)","description":"","publisher":{"@id":"https:\/\/dvk.mak.ues.rs.ba\/#organization"},"potentialAction":[{"@type":"SearchAction","target":{"@type":"EntryPoint","urlTemplate":"https:\/\/dvk.mak.ues.rs.ba\/?s={search_term_string}"},"query-input":{"@type":"PropertyValueSpecification","valueRequired":true,"valueName":"search_term_string"}}],"inLanguage":"sr-RS"},{"@type":"Organization","@id":"https:\/\/dvk.mak.ues.rs.ba\/#organization","name":"\u0414\u0430\u043d\u0438 \u0412\u043e\u0458\u0438\u043d\u0430 \u041a\u043e\u043c\u0430\u0434\u0438\u043d\u0435 (\u0414\u0412\u041a) \/ \u041d\u0430\u0443\u0447\u043d\u0438 \u0441\u043a\u0443\u043f \u0421\u0430\u0432\u0440\u0435\u043c\u0435\u043d\u043e \u0438 \u0442\u0440\u0430\u0434\u0438\u0446\u0438\u043e\u043d\u0430\u043b\u043d\u043e \u0443 \u043c\u0443\u0437\u0438\u0447\u043a\u043e\u043c \u0441\u0442\u0432\u0430\u0440\u0430\u043b\u0430\u0448\u0442\u0432\u0443 (\u0421\u0418\u0422\u0423\u041c\u0421)","url":"https:\/\/dvk.mak.ues.rs.ba\/","logo":{"@type":"ImageObject","inLanguage":"sr-RS","@id":"https:\/\/dvk.mak.ues.rs.ba\/#\/schema\/logo\/image\/","url":"https:\/\/dvk.mak.ues.rs.ba\/wp-content\/uploads\/2022\/02\/cropped-Logo-DVK-png-e1644406074503.png","contentUrl":"https:\/\/dvk.mak.ues.rs.ba\/wp-content\/uploads\/2022\/02\/cropped-Logo-DVK-png-e1644406074503.png","width":200,"height":157,"caption":"\u0414\u0430\u043d\u0438 \u0412\u043e\u0458\u0438\u043d\u0430 \u041a\u043e\u043c\u0430\u0434\u0438\u043d\u0435 (\u0414\u0412\u041a) \/ \u041d\u0430\u0443\u0447\u043d\u0438 \u0441\u043a\u0443\u043f \u0421\u0430\u0432\u0440\u0435\u043c\u0435\u043d\u043e \u0438 \u0442\u0440\u0430\u0434\u0438\u0446\u0438\u043e\u043d\u0430\u043b\u043d\u043e \u0443 \u043c\u0443\u0437\u0438\u0447\u043a\u043e\u043c \u0441\u0442\u0432\u0430\u0440\u0430\u043b\u0430\u0448\u0442\u0432\u0443 (\u0421\u0418\u0422\u0423\u041c\u0421)"},"image":{"@id":"https:\/\/dvk.mak.ues.rs.ba\/#\/schema\/logo\/image\/"}}]}},"_links":{"self":[{"href":"https:\/\/dvk.mak.ues.rs.ba\/index.php\/wp-json\/wp\/v2\/pages\/837","targetHints":{"allow":["GET"]}}],"collection":[{"href":"https:\/\/dvk.mak.ues.rs.ba\/index.php\/wp-json\/wp\/v2\/pages"}],"about":[{"href":"https:\/\/dvk.mak.ues.rs.ba\/index.php\/wp-json\/wp\/v2\/types\/page"}],"author":[{"embeddable":true,"href":"https:\/\/dvk.mak.ues.rs.ba\/index.php\/wp-json\/wp\/v2\/users\/1"}],"replies":[{"embeddable":true,"href":"https:\/\/dvk.mak.ues.rs.ba\/index.php\/wp-json\/wp\/v2\/comments?post=837"}],"version-history":[{"count":3,"href":"https:\/\/dvk.mak.ues.rs.ba\/index.php\/wp-json\/wp\/v2\/pages\/837\/revisions"}],"predecessor-version":[{"id":2578,"href":"https:\/\/dvk.mak.ues.rs.ba\/index.php\/wp-json\/wp\/v2\/pages\/837\/revisions\/2578"}],"wp:attachment":[{"href":"https:\/\/dvk.mak.ues.rs.ba\/index.php\/wp-json\/wp\/v2\/media?parent=837"}],"curies":[{"name":"wp","href":"https:\/\/api.w.org\/{rel}","templated":true}]}}