{"id":841,"date":"2022-02-21T11:59:05","date_gmt":"2022-02-21T10:59:05","guid":{"rendered":"https:\/\/dvk.mak.ues.rs.ba\/?page_id=841"},"modified":"2022-02-23T00:55:51","modified_gmt":"2022-02-22T23:55:51","slug":"veb-stranica-vojin-komadina-kompozitorski-opus-2","status":"publish","type":"page","link":"https:\/\/dvk.mak.ues.rs.ba\/index.php\/la\/veb-stranica-vojin-komadina-kompozitorski-opus-2\/","title":{"rendered":"Veb stranica Vojin Komadina: kompozitorski opus"},"content":{"rendered":"\n<p> <\/p>\n\n\n\n<pre class=\"wp-block-preformatted has-ast-global-color-5-background-color has-background\"><strong>Udru\u017eenje gra\u0111ana <em>Kamerni hor Isto\u010dno Sarajevo<\/em> <\/strong>je realizator projekta <strong>Platforma Vojin Komadina<\/strong><em> <\/em>i veb stranice VOJIN KOMADINA: KOMPOZITORSKI OPUS(<a href=\"https:\/\/vojinkomadina.com\/\">\u0412\u041e\u0408\u0418\u041d \u041a\u041e\u041c\u0410\u0414\u0418\u041d\u0410: \u041a\u041e\u041c\u041f\u041e\u0417\u0418\u0422\u041e\u0420\u0421\u041a\u0418 \u041e\u041f\u0423\u0421<\/a>) koje je finansijski podr\u017ealo Ministarstvo prosvjete i kulture Republike Srpske.   \n\nNa inicijativu <strong>Organizacionog odbora manifestacije <em>Dani Vojina Komadine <\/em>i nau\u010dnog skupa <em>Savremeno i tradicionalno u muzi\u010dkom stvarala\u0161tvu<\/em>, <\/strong>a uz saglasnost \u010dlanova <strong>Udru\u017eenja gra\u0111ana <em>Kamerni hor Isto\u010dno Sarajevo<\/em><\/strong>, u cilju kvalitetne dostupnosti gra\u0111e na internetu neophodne za istra\u017eivanje o kompozitorskoj djelatnosti Vojina Komadine, kao i nau\u010dnoistra\u017eiva\u010dkim radovima o pomenutom kompozitoru, na sajtu <strong><em>Dani Vojina Komadine \/ Nau\u010dni skup<\/em> <em>Savremeno i tradicionalno u muzi\u010dkom stvarala\u0161tvu<\/em><\/strong>  <em><a href=\"https:\/\/dvk.mak.ues.rs.ba\/\">\u0414\u0430\u043d\u0438 \u0412\u043e\u0458\u0438\u043d\u0430 \u041a\u043e\u043c\u0430\u0434\u0438\u043d\u0435 \/ \u041d\u0430\u0443\u0447\u043d\u0438 \u0441\u043a\u0443\u043f \u0441\u0430\u0432\u0440\u0435\u043c\u0435\u043d\u043e \u0438 \u0442\u0440\u0430\u0434\u0438\u0446\u0438\u043e\u043d\u0430\u043b\u043d\u043e \u0443 \u043c\u0443\u0437\u0438\u0447\u043a\u043e\u043c \u0441\u0442\u0432\u0430\u0440\u0430\u043b\u0430\u0448\u0442\u0432\u0443<\/a> <\/em>je pridru\u017eena (link) vebstranica VOJIN KOMADINA: KOMPOZITORSKI OPUS (<a href=\"https:\/\/vojinkomadina.com\/\">\u0412\u041e\u0408\u0418\u041d \u041a\u041e\u041c\u0410\u0414\u0418\u041d\u0410: \u041a\u041e\u041c\u041f\u041e\u0417\u0418\u0422\u041e\u0420\u0421\u041a\u0418 \u041e\u041f\u0423\u0421<\/a>) koja sadr\u017ei bazu podataka o Vojinu Komadini: <em>popis djela, notni arhiv, audio-video izdanja, televizijske reporta\u017ee i tekstove o stvarala\u0161tvu kompozitora.<\/em>\n\n<\/pre>\n\n\n\n<pre class=\"wp-block-preformatted has-ast-global-color-5-background-color has-background\"><strong>O projektu<\/strong> (<strong><em><a href=\"https:\/\/vojinkomadina.com\/%d0%be-%d0%bf%d1%80%d0%be%d1%98%d0%b5%d0%ba%d1%82%d1%83\/\">\u041e \u043f\u0440\u043e\u0458\u0435\u043a\u0442\u0443<\/a><\/em><\/strong>):\n\n\"Na inicijativu Udru\u017eenja gra\u0111ana \"Kamerni hor Isto\u010dno Sarajevo\" Ministarstvo prosvjete i kulture Republike Srpske je prepoznalo zna\u010daj promovisanja kompozitorskog opusa Vojina Komadine kao nematerijalnog muzi\u010dkog kulturnog naslije\u0111a Republike Srpske i Bosne i Hercegovine, te finansijski podr\u017ealo projekat \"Platforma Vojin Komadina\". \n\nPrimarni cilj projekta je formiranje baze podataka o jednom od osniva\u010da Akademije nauka i umjetnosti Republike Srpske i jednom od najzna\u010dajnijih kompozitora Republike Srpske i Bosne i Hercegovine, Vojinu Komadini. Baza podataka sadr\u017ei digitalizovanu zaostav\u0161tinu Vojina Komadine, prvenstveno kompozitorski opus, s mogu\u0107no\u0161\u0107u oboga\u0107ivanja baze i drugim muzikolo\u0161kim, teorijskim i ostalim materijalima (napisi, tekstovi) Vojina Komadine i o Vojinu Komadini. Kroz navedeni vid javnog pristupa notne gra\u0111e Vojina Komadine nudi se potencijal koji do trenutka finalizacije ovog projekta nije postojao.\n\nObavljen je iscrpan vi\u0161emjese\u010dni rad, te formirana baza o kompozitorskom opusu, omogu\u0107en uvid u Komadinin stvarala\u010dki rad. \n\nIstovremeno sa navedenim intenzivnim radom odvijao se proces digitalizacije prikupljene notne gra\u0111e. U toj fazi je zna\u010dajnu i dragocjenu pomo\u0107 pru\u017eio Arhiv Muzi\u010dke produkcije BHRT-a, kao i Narodno pozori\u0161te Sarajevo. \n\nStvoreni su uslovi za publikovanje Sabranih djela Vojina Komadine. \n\nU prvoj fazi, publikovana je jedna zbirka kompozicija, pod nazivom \"Vokalna kamerna muzika\". \nObjavljivanju je prethodio mukotrpni rad na unosu i ure\u017eivanju (\u010desto vrlo slo\u017eene) notne gra\u0111e u programima za obradu notnog teksta. Kao izvori za ovo izdanje poslu\u017eili su prepisi Komadininih notnih rukoisa i \u0161tampana izdanja Udru\u017eenja kompozitora Bosne i Hercegovine. Zbirka kompozicija \"Vokalna kamerna muzika\" sadr\u017ei gotovo kompletan vokalni opus. Nedostaje kompozicija \"Makove pjesme\" za bas i orkestar, \u010diji notni zapis, do trenutka okon\u010danja projekta, nije prona\u0111en.\n \nImplementacijom navedenih aktivnosti stvoreni su bazi\u010dni uslovi za dostupnost, razumijevanje, interpretaciju i sve druge mogu\u0107e vidove djelovanja u okviru muzi\u010dkog kulturnog naslije\u0111a Vojina Komadine.\n\nPokretanjem Platforme omogu\u0107eno je oboga\u0107enje doma\u0107e izvo\u0111a\u010dke scene, istovremeno i njeno osvje\u017eenje, kreiran je ozbiljan istra\u017eiva\u010dki korpus, neophodan za nau\u010dno-istra\u017eiva\u010dki rad u oblasti umjetnosti.\n\nIstovremeno, uspostavljen je jedan zna\u010dajan kulturni muzi\u010dki identitet, identitet koji se dalje mo\u017ee upotrijebiti za me\u0111ukulturalni transfer u okviru me\u0111unarodne saradnje, itd. Ipak, najva\u017eniji segment Platforme - konktretan vid promocije kulturnog nalije\u0111a proiza\u0161ao je iz izdava\u010dke djelatnosti, kao egzaktnog i trajnog spomenika nematerijalnog kulturnog naslije\u0111a.\"\n<\/pre>\n","protected":false},"excerpt":{"rendered":"<p>Udru\u017eenje gra\u0111ana Kamerni hor Isto\u010dno Sarajevo je realizator projekta Platforma Vojin Komadina i veb stranice VOJIN KOMADINA: KOMPOZITORSKI OPUS(\u0412\u041e\u0408\u0418\u041d \u041a\u041e\u041c\u0410\u0414\u0418\u041d\u0410: \u041a\u041e\u041c\u041f\u041e\u0417\u0418\u0422\u041e\u0420\u0421\u041a\u0418 \u041e\u041f\u0423\u0421) koje je finansijski podr\u017ealo Ministarstvo prosvjete i kulture Republike Srpske. Na inicijativu Organizacionog odbora manifestacije Dani Vojina Komadine i nau\u010dnog skupa Savremeno i tradicionalno u muzi\u010dkom stvarala\u0161tvu, a uz saglasnost \u010dlanova Udru\u017eenja gra\u0111ana&hellip;&nbsp;<a href=\"https:\/\/dvk.mak.ues.rs.ba\/index.php\/la\/veb-stranica-vojin-komadina-kompozitorski-opus-2\/\" rel=\"bookmark\">\u041f\u0440\u043e\u0447\u0438\u0442\u0430\u0458 \u0432\u0438\u0448\u0435 &raquo;<span class=\"screen-reader-text\">Veb stranica Vojin Komadina: kompozitorski opus<\/span><\/a><\/p>\n","protected":false},"author":1,"featured_media":0,"parent":0,"menu_order":0,"comment_status":"closed","ping_status":"closed","template":"","meta":{"_monsterinsights_skip_tracking":false,"_monsterinsights_sitenote_active":false,"_monsterinsights_sitenote_note":"","_monsterinsights_sitenote_category":0,"neve_meta_sidebar":"","neve_meta_container":"","neve_meta_enable_content_width":"","neve_meta_content_width":0,"neve_meta_title_alignment":"","neve_meta_author_avatar":"","neve_post_elements_order":"","neve_meta_disable_header":"","neve_meta_disable_footer":"","neve_meta_disable_title":"","footnotes":""},"class_list":["post-841","page","type-page","status-publish","hentry"],"yoast_head":"<!-- This site is optimized with the Yoast SEO plugin v26.3 - https:\/\/yoast.com\/wordpress\/plugins\/seo\/ -->\n<title>Veb stranica Vojin Komadina: kompozitorski opus - \u0414\u0430\u043d\u0438 \u0412\u043e\u0458\u0438\u043d\u0430 \u041a\u043e\u043c\u0430\u0434\u0438\u043d\u0435 (\u0414\u0412\u041a) \/ \u041d\u0430\u0443\u0447\u043d\u0438 \u0441\u043a\u0443\u043f \u0421\u0430\u0432\u0440\u0435\u043c\u0435\u043d\u043e \u0438 \u0442\u0440\u0430\u0434\u0438\u0446\u0438\u043e\u043d\u0430\u043b\u043d\u043e \u0443 \u043c\u0443\u0437\u0438\u0447\u043a\u043e\u043c \u0441\u0442\u0432\u0430\u0440\u0430\u043b\u0430\u0448\u0442\u0432\u0443 (\u0421\u0418\u0422\u0423\u041c\u0421)<\/title>\n<meta name=\"robots\" content=\"index, follow, max-snippet:-1, max-image-preview:large, max-video-preview:-1\" \/>\n<link rel=\"canonical\" href=\"https:\/\/dvk.mak.ues.rs.ba\/index.php\/la\/veb-stranica-vojin-komadina-kompozitorski-opus-2\/\" \/>\n<meta property=\"og:locale\" content=\"sr_RS\" \/>\n<meta property=\"og:type\" content=\"article\" \/>\n<meta property=\"og:title\" content=\"Veb stranica Vojin Komadina: kompozitorski opus - \u0414\u0430\u043d\u0438 \u0412\u043e\u0458\u0438\u043d\u0430 \u041a\u043e\u043c\u0430\u0434\u0438\u043d\u0435 (\u0414\u0412\u041a) \/ \u041d\u0430\u0443\u0447\u043d\u0438 \u0441\u043a\u0443\u043f \u0421\u0430\u0432\u0440\u0435\u043c\u0435\u043d\u043e \u0438 \u0442\u0440\u0430\u0434\u0438\u0446\u0438\u043e\u043d\u0430\u043b\u043d\u043e \u0443 \u043c\u0443\u0437\u0438\u0447\u043a\u043e\u043c \u0441\u0442\u0432\u0430\u0440\u0430\u043b\u0430\u0448\u0442\u0432\u0443 (\u0421\u0418\u0422\u0423\u041c\u0421)\" \/>\n<meta property=\"og:description\" content=\"Udru\u017eenje gra\u0111ana Kamerni hor Isto\u010dno Sarajevo je realizator projekta Platforma Vojin Komadina i veb stranice VOJIN KOMADINA: KOMPOZITORSKI OPUS(\u0412\u041e\u0408\u0418\u041d \u041a\u041e\u041c\u0410\u0414\u0418\u041d\u0410: \u041a\u041e\u041c\u041f\u041e\u0417\u0418\u0422\u041e\u0420\u0421\u041a\u0418 \u041e\u041f\u0423\u0421) koje je finansijski podr\u017ealo Ministarstvo prosvjete i kulture Republike Srpske. Na inicijativu Organizacionog odbora manifestacije Dani Vojina Komadine i nau\u010dnog skupa Savremeno i tradicionalno u muzi\u010dkom stvarala\u0161tvu, a uz saglasnost \u010dlanova Udru\u017eenja gra\u0111ana&hellip;&nbsp;\u041f\u0440\u043e\u0447\u0438\u0442\u0430\u0458 \u0432\u0438\u0448\u0435 &raquo;Veb stranica Vojin Komadina: kompozitorski opus\" \/>\n<meta property=\"og:url\" content=\"https:\/\/dvk.mak.ues.rs.ba\/index.php\/la\/veb-stranica-vojin-komadina-kompozitorski-opus-2\/\" \/>\n<meta property=\"og:site_name\" content=\"\u0414\u0430\u043d\u0438 \u0412\u043e\u0458\u0438\u043d\u0430 \u041a\u043e\u043c\u0430\u0434\u0438\u043d\u0435 (\u0414\u0412\u041a) \/ \u041d\u0430\u0443\u0447\u043d\u0438 \u0441\u043a\u0443\u043f \u0421\u0430\u0432\u0440\u0435\u043c\u0435\u043d\u043e \u0438 \u0442\u0440\u0430\u0434\u0438\u0446\u0438\u043e\u043d\u0430\u043b\u043d\u043e \u0443 \u043c\u0443\u0437\u0438\u0447\u043a\u043e\u043c \u0441\u0442\u0432\u0430\u0440\u0430\u043b\u0430\u0448\u0442\u0432\u0443 (\u0421\u0418\u0422\u0423\u041c\u0421)\" \/>\n<meta property=\"article:modified_time\" content=\"2022-02-22T23:55:51+00:00\" \/>\n<meta name=\"twitter:card\" content=\"summary_large_image\" \/>\n<meta name=\"twitter:label1\" content=\"\u041f\u0440\u043e\u0446\u0435\u045a\u0435\u043d\u043e \u0432\u0440\u0435\u043c\u0435 \u0447\u0438\u0442\u0430\u045a\u0430\" \/>\n\t<meta name=\"twitter:data1\" content=\"3 \u043c\u0438\u043d\u0443\u0442\u0430\" \/>\n<script type=\"application\/ld+json\" class=\"yoast-schema-graph\">{\"@context\":\"https:\/\/schema.org\",\"@graph\":[{\"@type\":\"WebPage\",\"@id\":\"https:\/\/dvk.mak.ues.rs.ba\/index.php\/la\/veb-stranica-vojin-komadina-kompozitorski-opus-2\/\",\"url\":\"https:\/\/dvk.mak.ues.rs.ba\/index.php\/la\/veb-stranica-vojin-komadina-kompozitorski-opus-2\/\",\"name\":\"Veb stranica Vojin Komadina: kompozitorski opus - \u0414\u0430\u043d\u0438 \u0412\u043e\u0458\u0438\u043d\u0430 \u041a\u043e\u043c\u0430\u0434\u0438\u043d\u0435 (\u0414\u0412\u041a) \/ \u041d\u0430\u0443\u0447\u043d\u0438 \u0441\u043a\u0443\u043f \u0421\u0430\u0432\u0440\u0435\u043c\u0435\u043d\u043e \u0438 \u0442\u0440\u0430\u0434\u0438\u0446\u0438\u043e\u043d\u0430\u043b\u043d\u043e \u0443 \u043c\u0443\u0437\u0438\u0447\u043a\u043e\u043c \u0441\u0442\u0432\u0430\u0440\u0430\u043b\u0430\u0448\u0442\u0432\u0443 (\u0421\u0418\u0422\u0423\u041c\u0421)\",\"isPartOf\":{\"@id\":\"https:\/\/dvk.mak.ues.rs.ba\/#website\"},\"datePublished\":\"2022-02-21T10:59:05+00:00\",\"dateModified\":\"2022-02-22T23:55:51+00:00\",\"breadcrumb\":{\"@id\":\"https:\/\/dvk.mak.ues.rs.ba\/index.php\/la\/veb-stranica-vojin-komadina-kompozitorski-opus-2\/#breadcrumb\"},\"inLanguage\":\"sr-RS\",\"potentialAction\":[{\"@type\":\"ReadAction\",\"target\":[\"https:\/\/dvk.mak.ues.rs.ba\/index.php\/la\/veb-stranica-vojin-komadina-kompozitorski-opus-2\/\"]}]},{\"@type\":\"BreadcrumbList\",\"@id\":\"https:\/\/dvk.mak.ues.rs.ba\/index.php\/la\/veb-stranica-vojin-komadina-kompozitorski-opus-2\/#breadcrumb\",\"itemListElement\":[{\"@type\":\"ListItem\",\"position\":1,\"name\":\"\u041f\u043e\u0447\u0435\u0442\u043d\u0430\",\"item\":\"https:\/\/dvk.mak.ues.rs.ba\/\"},{\"@type\":\"ListItem\",\"position\":2,\"name\":\"Veb stranica Vojin Komadina: kompozitorski opus\"}]},{\"@type\":\"WebSite\",\"@id\":\"https:\/\/dvk.mak.ues.rs.ba\/#website\",\"url\":\"https:\/\/dvk.mak.ues.rs.ba\/\",\"name\":\"\u0414\u0430\u043d\u0438 \u0412\u043e\u0458\u0438\u043d\u0430 \u041a\u043e\u043c\u0430\u0434\u0438\u043d\u0435 (\u0414\u0412\u041a) \/ \u041d\u0430\u0443\u0447\u043d\u0438 \u0441\u043a\u0443\u043f \u0421\u0430\u0432\u0440\u0435\u043c\u0435\u043d\u043e \u0438 \u0442\u0440\u0430\u0434\u0438\u0446\u0438\u043e\u043d\u0430\u043b\u043d\u043e \u0443 \u043c\u0443\u0437\u0438\u0447\u043a\u043e\u043c \u0441\u0442\u0432\u0430\u0440\u0430\u043b\u0430\u0448\u0442\u0432\u0443 (\u0421\u0418\u0422\u0423\u041c\u0421)\",\"description\":\"\",\"publisher\":{\"@id\":\"https:\/\/dvk.mak.ues.rs.ba\/#organization\"},\"potentialAction\":[{\"@type\":\"SearchAction\",\"target\":{\"@type\":\"EntryPoint\",\"urlTemplate\":\"https:\/\/dvk.mak.ues.rs.ba\/?s={search_term_string}\"},\"query-input\":{\"@type\":\"PropertyValueSpecification\",\"valueRequired\":true,\"valueName\":\"search_term_string\"}}],\"inLanguage\":\"sr-RS\"},{\"@type\":\"Organization\",\"@id\":\"https:\/\/dvk.mak.ues.rs.ba\/#organization\",\"name\":\"\u0414\u0430\u043d\u0438 \u0412\u043e\u0458\u0438\u043d\u0430 \u041a\u043e\u043c\u0430\u0434\u0438\u043d\u0435 (\u0414\u0412\u041a) \/ \u041d\u0430\u0443\u0447\u043d\u0438 \u0441\u043a\u0443\u043f \u0421\u0430\u0432\u0440\u0435\u043c\u0435\u043d\u043e \u0438 \u0442\u0440\u0430\u0434\u0438\u0446\u0438\u043e\u043d\u0430\u043b\u043d\u043e \u0443 \u043c\u0443\u0437\u0438\u0447\u043a\u043e\u043c \u0441\u0442\u0432\u0430\u0440\u0430\u043b\u0430\u0448\u0442\u0432\u0443 (\u0421\u0418\u0422\u0423\u041c\u0421)\",\"url\":\"https:\/\/dvk.mak.ues.rs.ba\/\",\"logo\":{\"@type\":\"ImageObject\",\"inLanguage\":\"sr-RS\",\"@id\":\"https:\/\/dvk.mak.ues.rs.ba\/#\/schema\/logo\/image\/\",\"url\":\"https:\/\/dvk.mak.ues.rs.ba\/wp-content\/uploads\/2022\/02\/cropped-Logo-DVK-png-e1644406074503.png\",\"contentUrl\":\"https:\/\/dvk.mak.ues.rs.ba\/wp-content\/uploads\/2022\/02\/cropped-Logo-DVK-png-e1644406074503.png\",\"width\":200,\"height\":157,\"caption\":\"\u0414\u0430\u043d\u0438 \u0412\u043e\u0458\u0438\u043d\u0430 \u041a\u043e\u043c\u0430\u0434\u0438\u043d\u0435 (\u0414\u0412\u041a) \/ \u041d\u0430\u0443\u0447\u043d\u0438 \u0441\u043a\u0443\u043f \u0421\u0430\u0432\u0440\u0435\u043c\u0435\u043d\u043e \u0438 \u0442\u0440\u0430\u0434\u0438\u0446\u0438\u043e\u043d\u0430\u043b\u043d\u043e \u0443 \u043c\u0443\u0437\u0438\u0447\u043a\u043e\u043c \u0441\u0442\u0432\u0430\u0440\u0430\u043b\u0430\u0448\u0442\u0432\u0443 (\u0421\u0418\u0422\u0423\u041c\u0421)\"},\"image\":{\"@id\":\"https:\/\/dvk.mak.ues.rs.ba\/#\/schema\/logo\/image\/\"}}]}<\/script>\n<!-- \/ Yoast SEO plugin. -->","yoast_head_json":{"title":"Veb stranica Vojin Komadina: kompozitorski opus - \u0414\u0430\u043d\u0438 \u0412\u043e\u0458\u0438\u043d\u0430 \u041a\u043e\u043c\u0430\u0434\u0438\u043d\u0435 (\u0414\u0412\u041a) \/ \u041d\u0430\u0443\u0447\u043d\u0438 \u0441\u043a\u0443\u043f \u0421\u0430\u0432\u0440\u0435\u043c\u0435\u043d\u043e \u0438 \u0442\u0440\u0430\u0434\u0438\u0446\u0438\u043e\u043d\u0430\u043b\u043d\u043e \u0443 \u043c\u0443\u0437\u0438\u0447\u043a\u043e\u043c \u0441\u0442\u0432\u0430\u0440\u0430\u043b\u0430\u0448\u0442\u0432\u0443 (\u0421\u0418\u0422\u0423\u041c\u0421)","robots":{"index":"index","follow":"follow","max-snippet":"max-snippet:-1","max-image-preview":"max-image-preview:large","max-video-preview":"max-video-preview:-1"},"canonical":"https:\/\/dvk.mak.ues.rs.ba\/index.php\/la\/veb-stranica-vojin-komadina-kompozitorski-opus-2\/","og_locale":"sr_RS","og_type":"article","og_title":"Veb stranica Vojin Komadina: kompozitorski opus - \u0414\u0430\u043d\u0438 \u0412\u043e\u0458\u0438\u043d\u0430 \u041a\u043e\u043c\u0430\u0434\u0438\u043d\u0435 (\u0414\u0412\u041a) \/ \u041d\u0430\u0443\u0447\u043d\u0438 \u0441\u043a\u0443\u043f \u0421\u0430\u0432\u0440\u0435\u043c\u0435\u043d\u043e \u0438 \u0442\u0440\u0430\u0434\u0438\u0446\u0438\u043e\u043d\u0430\u043b\u043d\u043e \u0443 \u043c\u0443\u0437\u0438\u0447\u043a\u043e\u043c \u0441\u0442\u0432\u0430\u0440\u0430\u043b\u0430\u0448\u0442\u0432\u0443 (\u0421\u0418\u0422\u0423\u041c\u0421)","og_description":"Udru\u017eenje gra\u0111ana Kamerni hor Isto\u010dno Sarajevo je realizator projekta Platforma Vojin Komadina i veb stranice VOJIN KOMADINA: KOMPOZITORSKI OPUS(\u0412\u041e\u0408\u0418\u041d \u041a\u041e\u041c\u0410\u0414\u0418\u041d\u0410: \u041a\u041e\u041c\u041f\u041e\u0417\u0418\u0422\u041e\u0420\u0421\u041a\u0418 \u041e\u041f\u0423\u0421) koje je finansijski podr\u017ealo Ministarstvo prosvjete i kulture Republike Srpske. Na inicijativu Organizacionog odbora manifestacije Dani Vojina Komadine i nau\u010dnog skupa Savremeno i tradicionalno u muzi\u010dkom stvarala\u0161tvu, a uz saglasnost \u010dlanova Udru\u017eenja gra\u0111ana&hellip;&nbsp;\u041f\u0440\u043e\u0447\u0438\u0442\u0430\u0458 \u0432\u0438\u0448\u0435 &raquo;Veb stranica Vojin Komadina: kompozitorski opus","og_url":"https:\/\/dvk.mak.ues.rs.ba\/index.php\/la\/veb-stranica-vojin-komadina-kompozitorski-opus-2\/","og_site_name":"\u0414\u0430\u043d\u0438 \u0412\u043e\u0458\u0438\u043d\u0430 \u041a\u043e\u043c\u0430\u0434\u0438\u043d\u0435 (\u0414\u0412\u041a) \/ \u041d\u0430\u0443\u0447\u043d\u0438 \u0441\u043a\u0443\u043f \u0421\u0430\u0432\u0440\u0435\u043c\u0435\u043d\u043e \u0438 \u0442\u0440\u0430\u0434\u0438\u0446\u0438\u043e\u043d\u0430\u043b\u043d\u043e \u0443 \u043c\u0443\u0437\u0438\u0447\u043a\u043e\u043c \u0441\u0442\u0432\u0430\u0440\u0430\u043b\u0430\u0448\u0442\u0432\u0443 (\u0421\u0418\u0422\u0423\u041c\u0421)","article_modified_time":"2022-02-22T23:55:51+00:00","twitter_card":"summary_large_image","twitter_misc":{"\u041f\u0440\u043e\u0446\u0435\u045a\u0435\u043d\u043e \u0432\u0440\u0435\u043c\u0435 \u0447\u0438\u0442\u0430\u045a\u0430":"3 \u043c\u0438\u043d\u0443\u0442\u0430"},"schema":{"@context":"https:\/\/schema.org","@graph":[{"@type":"WebPage","@id":"https:\/\/dvk.mak.ues.rs.ba\/index.php\/la\/veb-stranica-vojin-komadina-kompozitorski-opus-2\/","url":"https:\/\/dvk.mak.ues.rs.ba\/index.php\/la\/veb-stranica-vojin-komadina-kompozitorski-opus-2\/","name":"Veb stranica Vojin Komadina: kompozitorski opus - \u0414\u0430\u043d\u0438 \u0412\u043e\u0458\u0438\u043d\u0430 \u041a\u043e\u043c\u0430\u0434\u0438\u043d\u0435 (\u0414\u0412\u041a) \/ \u041d\u0430\u0443\u0447\u043d\u0438 \u0441\u043a\u0443\u043f \u0421\u0430\u0432\u0440\u0435\u043c\u0435\u043d\u043e \u0438 \u0442\u0440\u0430\u0434\u0438\u0446\u0438\u043e\u043d\u0430\u043b\u043d\u043e \u0443 \u043c\u0443\u0437\u0438\u0447\u043a\u043e\u043c \u0441\u0442\u0432\u0430\u0440\u0430\u043b\u0430\u0448\u0442\u0432\u0443 (\u0421\u0418\u0422\u0423\u041c\u0421)","isPartOf":{"@id":"https:\/\/dvk.mak.ues.rs.ba\/#website"},"datePublished":"2022-02-21T10:59:05+00:00","dateModified":"2022-02-22T23:55:51+00:00","breadcrumb":{"@id":"https:\/\/dvk.mak.ues.rs.ba\/index.php\/la\/veb-stranica-vojin-komadina-kompozitorski-opus-2\/#breadcrumb"},"inLanguage":"sr-RS","potentialAction":[{"@type":"ReadAction","target":["https:\/\/dvk.mak.ues.rs.ba\/index.php\/la\/veb-stranica-vojin-komadina-kompozitorski-opus-2\/"]}]},{"@type":"BreadcrumbList","@id":"https:\/\/dvk.mak.ues.rs.ba\/index.php\/la\/veb-stranica-vojin-komadina-kompozitorski-opus-2\/#breadcrumb","itemListElement":[{"@type":"ListItem","position":1,"name":"\u041f\u043e\u0447\u0435\u0442\u043d\u0430","item":"https:\/\/dvk.mak.ues.rs.ba\/"},{"@type":"ListItem","position":2,"name":"Veb stranica Vojin Komadina: kompozitorski opus"}]},{"@type":"WebSite","@id":"https:\/\/dvk.mak.ues.rs.ba\/#website","url":"https:\/\/dvk.mak.ues.rs.ba\/","name":"\u0414\u0430\u043d\u0438 \u0412\u043e\u0458\u0438\u043d\u0430 \u041a\u043e\u043c\u0430\u0434\u0438\u043d\u0435 (\u0414\u0412\u041a) \/ \u041d\u0430\u0443\u0447\u043d\u0438 \u0441\u043a\u0443\u043f \u0421\u0430\u0432\u0440\u0435\u043c\u0435\u043d\u043e \u0438 \u0442\u0440\u0430\u0434\u0438\u0446\u0438\u043e\u043d\u0430\u043b\u043d\u043e \u0443 \u043c\u0443\u0437\u0438\u0447\u043a\u043e\u043c \u0441\u0442\u0432\u0430\u0440\u0430\u043b\u0430\u0448\u0442\u0432\u0443 (\u0421\u0418\u0422\u0423\u041c\u0421)","description":"","publisher":{"@id":"https:\/\/dvk.mak.ues.rs.ba\/#organization"},"potentialAction":[{"@type":"SearchAction","target":{"@type":"EntryPoint","urlTemplate":"https:\/\/dvk.mak.ues.rs.ba\/?s={search_term_string}"},"query-input":{"@type":"PropertyValueSpecification","valueRequired":true,"valueName":"search_term_string"}}],"inLanguage":"sr-RS"},{"@type":"Organization","@id":"https:\/\/dvk.mak.ues.rs.ba\/#organization","name":"\u0414\u0430\u043d\u0438 \u0412\u043e\u0458\u0438\u043d\u0430 \u041a\u043e\u043c\u0430\u0434\u0438\u043d\u0435 (\u0414\u0412\u041a) \/ \u041d\u0430\u0443\u0447\u043d\u0438 \u0441\u043a\u0443\u043f \u0421\u0430\u0432\u0440\u0435\u043c\u0435\u043d\u043e \u0438 \u0442\u0440\u0430\u0434\u0438\u0446\u0438\u043e\u043d\u0430\u043b\u043d\u043e \u0443 \u043c\u0443\u0437\u0438\u0447\u043a\u043e\u043c \u0441\u0442\u0432\u0430\u0440\u0430\u043b\u0430\u0448\u0442\u0432\u0443 (\u0421\u0418\u0422\u0423\u041c\u0421)","url":"https:\/\/dvk.mak.ues.rs.ba\/","logo":{"@type":"ImageObject","inLanguage":"sr-RS","@id":"https:\/\/dvk.mak.ues.rs.ba\/#\/schema\/logo\/image\/","url":"https:\/\/dvk.mak.ues.rs.ba\/wp-content\/uploads\/2022\/02\/cropped-Logo-DVK-png-e1644406074503.png","contentUrl":"https:\/\/dvk.mak.ues.rs.ba\/wp-content\/uploads\/2022\/02\/cropped-Logo-DVK-png-e1644406074503.png","width":200,"height":157,"caption":"\u0414\u0430\u043d\u0438 \u0412\u043e\u0458\u0438\u043d\u0430 \u041a\u043e\u043c\u0430\u0434\u0438\u043d\u0435 (\u0414\u0412\u041a) \/ \u041d\u0430\u0443\u0447\u043d\u0438 \u0441\u043a\u0443\u043f \u0421\u0430\u0432\u0440\u0435\u043c\u0435\u043d\u043e \u0438 \u0442\u0440\u0430\u0434\u0438\u0446\u0438\u043e\u043d\u0430\u043b\u043d\u043e \u0443 \u043c\u0443\u0437\u0438\u0447\u043a\u043e\u043c \u0441\u0442\u0432\u0430\u0440\u0430\u043b\u0430\u0448\u0442\u0432\u0443 (\u0421\u0418\u0422\u0423\u041c\u0421)"},"image":{"@id":"https:\/\/dvk.mak.ues.rs.ba\/#\/schema\/logo\/image\/"}}]}},"_links":{"self":[{"href":"https:\/\/dvk.mak.ues.rs.ba\/index.php\/wp-json\/wp\/v2\/pages\/841","targetHints":{"allow":["GET"]}}],"collection":[{"href":"https:\/\/dvk.mak.ues.rs.ba\/index.php\/wp-json\/wp\/v2\/pages"}],"about":[{"href":"https:\/\/dvk.mak.ues.rs.ba\/index.php\/wp-json\/wp\/v2\/types\/page"}],"author":[{"embeddable":true,"href":"https:\/\/dvk.mak.ues.rs.ba\/index.php\/wp-json\/wp\/v2\/users\/1"}],"replies":[{"embeddable":true,"href":"https:\/\/dvk.mak.ues.rs.ba\/index.php\/wp-json\/wp\/v2\/comments?post=841"}],"version-history":[{"count":3,"href":"https:\/\/dvk.mak.ues.rs.ba\/index.php\/wp-json\/wp\/v2\/pages\/841\/revisions"}],"predecessor-version":[{"id":880,"href":"https:\/\/dvk.mak.ues.rs.ba\/index.php\/wp-json\/wp\/v2\/pages\/841\/revisions\/880"}],"wp:attachment":[{"href":"https:\/\/dvk.mak.ues.rs.ba\/index.php\/wp-json\/wp\/v2\/media?parent=841"}],"curies":[{"name":"wp","href":"https:\/\/api.w.org\/{rel}","templated":true}]}}